{"id":6347,"date":"2026-02-11T15:20:10","date_gmt":"2026-02-11T14:20:10","guid":{"rendered":"https:\/\/new.dairytop.eu\/product\/calfotel-open-top-mit-triple-rahmen\/"},"modified":"2026-03-18T10:03:55","modified_gmt":"2026-03-18T09:03:55","slug":"calfotel-open-top-mit-triple-rahmen","status":"publish","type":"product","link":"https:\/\/dairytop.eu\/de\/product\/calfotel-open-top-mit-triple-rahmen\/","title":{"rendered":"CalfOTel Open Top mit Triple-Rahmen"},"content":{"rendered":"","protected":false},"excerpt":{"rendered":"<p>Dieses Aufzuchtsystem verf\u00fcgt \u00fcber ein markantes offenes Dach f\u00fcr die Aufstellung im Stall oder im Au\u00dfenbereich unter einer \u00dcberdachung. F\u00fcr Viehhalter, die ihre K\u00e4lber im Stall oder gesch\u00fctzt im Freien aufziehen m\u00f6chten, ist dies ein \u00e4u\u00dferst praktisches und flexibles System, das eine Reduzierung der Arbeitskosten mit h\u00f6chster Benutzerfreundlichkeit kombiniert.<\/p>\n<p>Erh\u00e4ltlich auf Rost, in Einzel-, Doppel- und Dreifachausf\u00fchrung, ausgestattet mit Lenkrollen<\/p>\n<p>&nbsp;<\/p>\n<div class=\"box-collateral box-description\">\n<div class=\"box-collateral-content\">\n<div class=\"std\">\n<h2>St\u00e4rken<\/h2>\n<ul>\n<li>Hergestellt aus glasfaserverst\u00e4rktem Polyester, was eine lange Lebensdauer garantiert<\/li>\n<li>Aus einem St\u00fcck gefertigt, daher nahtlos; verringert das Risiko von Bakterienbildung und ist sehr leicht zu reinigen<\/li>\n<li>Ausgestattet mit robusten, wartungsfreien Rollen<\/li>\n<li>Gut kippbar und einfach zu reinigen dank praktischem Griff<\/li>\n<li>Gute Zug\u00e4nglichkeit durch das verriegelbare Absperrgitter<\/li>\n<li>Die Box kann einzeln, in 2er- oder 3er-Gruppen sowie in Vielfachen davon aufgestellt werden<\/li>\n<li>Dank der leichtg\u00e4ngigen Rollen ist die Box einfach zu bewegen, mit oder ohne Kalb<\/li>\n<li>Sowohl die Box als auch der Polyesterboden sind f\u00fcr eine einfache Reinigung kippbar<\/li>\n<li>Zwischen den Boxen ist ausreichend Platz f\u00fcr den seitlichen Zugang, um K\u00e4lber anzulernen oder Kontrollen durchzuf\u00fchren<\/li>\n<li>\u00c4u\u00dferst mobil und hygienisch: Sie fahren die Boxen zur Reinigung aus dem Stall, ohne das Risiko einer Bakterienverbreitung<\/li>\n<\/ul>\n<p>&nbsp;<\/p>\n<h2>Abmessungen CalfOTel Open Top auf fahrbarem Rost, Triple<\/h2>\n<p>CalfOTel Open Top Box mit Schwelle, Absperrgitter und 1 Eimerring auf Dreifachrost mit Lenkrollen.<br \/>\nAbmessungen: (L x B x H)<br \/>\nBox: 151 x 309 x 162 cm (inklusive Griff)<\/p>\n<p>Abmessungen sind Au\u00dfenma\u00dfe\/Transportma\u00dfe und k\u00f6nnen je Box variieren.<\/p>\n<\/div>\n<\/div>\n<\/div>\n<div class=\"box-collateral box-additional\">\n<h2>Zus\u00e4tzliche Informationen<\/h2>\n<div class=\"box-collateral-content\">\n<table id=\"product-attribute-specs-table\" class=\"data-table\">\n<colgroup>\n<col width=\"25%\">\n<col><\/colgroup>\n<tbody>\n<tr class=\"first last odd\">\n<th class=\"label\">Abmessungen K\u00e4lberiglu<\/th>\n<td class=\"data last\">157 cm x 318 cm x 165 cm<\/td>\n<\/tr>\n<\/tbody>\n<\/table>\n<\/div>\n<\/div>\n","protected":false},"featured_media":6348,"template":"","meta":{"site-sidebar-layout":"default","site-content-layout":"","ast-site-content-layout":"default","site-content-style":"default","site-sidebar-style":"default","ast-global-header-display":"","ast-banner-title-visibility":"","ast-main-header-display":"","ast-hfb-above-header-display":"","ast-hfb-below-header-display":"","ast-hfb-mobile-header-display":"","site-post-title":"","ast-breadcrumbs-content":"","ast-featured-img":"","footer-sml-layout":"","ast-disable-related-posts":"","theme-transparent-header-meta":"","adv-header-id-meta":"","stick-header-meta":"","header-above-stick-meta":"","header-main-stick-meta":"","header-below-stick-meta":"","astra-migrate-meta-layouts":"default","ast-page-background-enabled":"default","ast-page-background-meta":{"desktop":{"background-color":"var(--ast-global-color-4)","background-image":"","background-repeat":"repeat","background-position":"center center","background-size":"auto","background-attachment":"scroll","background-type":"","background-media":"","overlay-type":"","overlay-color":"","overlay-opacity":"","overlay-gradient":""},"tablet":{"background-color":"","background-image":"","background-repeat":"repeat","background-position":"center center","background-size":"auto","background-attachment":"scroll","background-type":"","background-media":"","overlay-type":"","overlay-color":"","overlay-opacity":"","overlay-gradient":""},"mobile":{"background-color":"","background-image":"","background-repeat":"repeat","background-position":"center center","background-size":"auto","background-attachment":"scroll","background-type":"","background-media":"","overlay-type":"","overlay-color":"","overlay-opacity":"","overlay-gradient":""}},"ast-content-background-meta":{"desktop":{"background-color":"var(--ast-global-color-5)","background-image":"","background-repeat":"repeat","background-position":"center center","background-size":"auto","background-attachment":"scroll","background-type":"","background-media":"","overlay-type":"","overlay-color":"","overlay-opacity":"","overlay-gradient":""},"tablet":{"background-color":"var(--ast-global-color-5)","background-image":"","background-repeat":"repeat","background-position":"center center","background-size":"auto","background-attachment":"scroll","background-type":"","background-media":"","overlay-type":"","overlay-color":"","overlay-opacity":"","overlay-gradient":""},"mobile":{"background-color":"var(--ast-global-color-5)","background-image":"","background-repeat":"repeat","background-position":"center center","background-size":"auto","background-attachment":"scroll","background-type":"","background-media":"","overlay-type":"","overlay-color":"","overlay-opacity":"","overlay-gradient":""}}},"product_brand":[],"product_cat":[130,62,85,69],"product_tag":[79],"class_list":{"0":"post-6347","1":"product","2":"type-product","3":"status-publish","4":"has-post-thumbnail","6":"product_cat-alle-produkten","7":"product_cat-alle-producten","8":"product_cat-eenlingiglos","9":"product_cat-open-top","10":"product_tag-dynamic","11":"desktop-align-center","12":"tablet-align-left","13":"mobile-align-left","14":"ast-product-gallery-layout-horizontal","15":"ast-product-gallery-with-no-image","16":"ast-product-tabs-layout-horizontal","18":"first","19":"instock","20":"taxable","21":"shipping-taxable","22":"purchasable","23":"product-type-simple"},"_links":{"self":[{"href":"https:\/\/dairytop.eu\/de\/wp-json\/wp\/v2\/product\/6347","targetHints":{"allow":["GET"]}}],"collection":[{"href":"https:\/\/dairytop.eu\/de\/wp-json\/wp\/v2\/product"}],"about":[{"href":"https:\/\/dairytop.eu\/de\/wp-json\/wp\/v2\/types\/product"}],"version-history":[{"count":1,"href":"https:\/\/dairytop.eu\/de\/wp-json\/wp\/v2\/product\/6347\/revisions"}],"predecessor-version":[{"id":8927,"href":"https:\/\/dairytop.eu\/de\/wp-json\/wp\/v2\/product\/6347\/revisions\/8927"}],"wp:featuredmedia":[{"embeddable":true,"href":"https:\/\/dairytop.eu\/de\/wp-json\/wp\/v2\/media\/6348"}],"wp:attachment":[{"href":"https:\/\/dairytop.eu\/de\/wp-json\/wp\/v2\/media?parent=6347"}],"wp:term":[{"taxonomy":"product_brand","embeddable":true,"href":"https:\/\/dairytop.eu\/de\/wp-json\/wp\/v2\/product_brand?post=6347"},{"taxonomy":"product_cat","embeddable":true,"href":"https:\/\/dairytop.eu\/de\/wp-json\/wp\/v2\/product_cat?post=6347"},{"taxonomy":"product_tag","embeddable":true,"href":"https:\/\/dairytop.eu\/de\/wp-json\/wp\/v2\/product_tag?post=6347"}],"curies":[{"name":"wp","href":"https:\/\/api.w.org\/{rel}","templated":true}]}}