{"id":6430,"date":"2026-02-11T16:24:59","date_gmt":"2026-02-11T15:24:59","guid":{"rendered":"https:\/\/new.dairytop.eu\/product\/veerust-super-spray-600-ml\/"},"modified":"2026-03-18T10:01:49","modified_gmt":"2026-03-18T09:01:49","slug":"veerust-super-spray-600-ml","status":"publish","type":"product","link":"https:\/\/dairytop.eu\/de\/product\/veerust-super-spray-600-ml\/","title":{"rendered":"Veerust Super Spray 600 ml."},"content":{"rendered":"","protected":false},"excerpt":{"rendered":"<p>VeeRust Super wurde speziell zur Bek\u00e4mpfung von Fliegen bei Rindern entwickelt.<\/p>\n<p><b>Eigenschaften:<\/b><br \/>\nVeeRust Super enth\u00e4lt Pyrethrum und Piperonylbutoxid. Pyrethrum ist ein nat\u00fcrliches Insektizid. Pyrethrum hat ein breites Wirkungsspektrum und baut sich bei Lichteinwirkung schnell ab. Es ist ein sogenanntes Nervengift. Das Nervensystem des Insekts wird gereizt, woraufhin schnell eine L\u00e4hmung folgt. Diese L\u00e4hmung f\u00fchrt zum Tod des Insekts. F\u00fcr eine effektive Wirkung von VeeRust Super ist nur wenig Wirkstoff erforderlich. Piperonylbutoxid verst\u00e4rkt die Wirkung des Pyrethrums. VeeRust Super kombiniert eine hohe Wirksamkeit mit einer sehr geringen Toxizit\u00e4t f\u00fcr S\u00e4ugetiere.         <\/p>\n<p><b>Gebrauchsanweisung:<\/b><br \/>\nSpr\u00fchen Sie das Mittel aus einer Entfernung von etwa 60 cm mit einer gleichm\u00e4\u00dfigen kreisf\u00f6rmigen Bewegung auf das Tier. Spr\u00fchen Sie vor allem auf die Sammelstellen von Fliegen wie Schultern, Nacken, H\u00f6rner, Flanken und Schwanzansatz. Nicht in die Augen spr\u00fchen.  <\/p>\n<p>Frostfrei lagern.<\/p>\n","protected":false},"featured_media":6431,"template":"","meta":{"site-sidebar-layout":"default","site-content-layout":"","ast-site-content-layout":"default","site-content-style":"default","site-sidebar-style":"default","ast-global-header-display":"","ast-banner-title-visibility":"","ast-main-header-display":"","ast-hfb-above-header-display":"","ast-hfb-below-header-display":"","ast-hfb-mobile-header-display":"","site-post-title":"","ast-breadcrumbs-content":"","ast-featured-img":"","footer-sml-layout":"","ast-disable-related-posts":"","theme-transparent-header-meta":"","adv-header-id-meta":"","stick-header-meta":"","header-above-stick-meta":"","header-main-stick-meta":"","header-below-stick-meta":"","astra-migrate-meta-layouts":"default","ast-page-background-enabled":"default","ast-page-background-meta":{"desktop":{"background-color":"var(--ast-global-color-4)","background-image":"","background-repeat":"repeat","background-position":"center center","background-size":"auto","background-attachment":"scroll","background-type":"","background-media":"","overlay-type":"","overlay-color":"","overlay-opacity":"","overlay-gradient":""},"tablet":{"background-color":"","background-image":"","background-repeat":"repeat","background-position":"center center","background-size":"auto","background-attachment":"scroll","background-type":"","background-media":"","overlay-type":"","overlay-color":"","overlay-opacity":"","overlay-gradient":""},"mobile":{"background-color":"","background-image":"","background-repeat":"repeat","background-position":"center center","background-size":"auto","background-attachment":"scroll","background-type":"","background-media":"","overlay-type":"","overlay-color":"","overlay-opacity":"","overlay-gradient":""}},"ast-content-background-meta":{"desktop":{"background-color":"var(--ast-global-color-5)","background-image":"","background-repeat":"repeat","background-position":"center center","background-size":"auto","background-attachment":"scroll","background-type":"","background-media":"","overlay-type":"","overlay-color":"","overlay-opacity":"","overlay-gradient":""},"tablet":{"background-color":"var(--ast-global-color-5)","background-image":"","background-repeat":"repeat","background-position":"center center","background-size":"auto","background-attachment":"scroll","background-type":"","background-media":"","overlay-type":"","overlay-color":"","overlay-opacity":"","overlay-gradient":""},"mobile":{"background-color":"var(--ast-global-color-5)","background-image":"","background-repeat":"repeat","background-position":"center center","background-size":"auto","background-attachment":"scroll","background-type":"","background-media":"","overlay-type":"","overlay-color":"","overlay-opacity":"","overlay-gradient":""}}},"product_brand":[],"product_cat":[130,281],"product_tag":[],"class_list":{"0":"post-6430","1":"product","2":"type-product","3":"status-publish","4":"has-post-thumbnail","6":"product_cat-alle-produkten","7":"product_cat-schadlingsbekampfung","8":"desktop-align-center","9":"tablet-align-left","10":"mobile-align-left","11":"ast-product-gallery-layout-horizontal","12":"ast-product-gallery-with-no-image","13":"ast-product-tabs-layout-horizontal","15":"first","16":"instock","17":"taxable","18":"shipping-taxable","19":"purchasable","20":"product-type-simple"},"_links":{"self":[{"href":"https:\/\/dairytop.eu\/de\/wp-json\/wp\/v2\/product\/6430","targetHints":{"allow":["GET"]}}],"collection":[{"href":"https:\/\/dairytop.eu\/de\/wp-json\/wp\/v2\/product"}],"about":[{"href":"https:\/\/dairytop.eu\/de\/wp-json\/wp\/v2\/types\/product"}],"version-history":[{"count":1,"href":"https:\/\/dairytop.eu\/de\/wp-json\/wp\/v2\/product\/6430\/revisions"}],"predecessor-version":[{"id":8884,"href":"https:\/\/dairytop.eu\/de\/wp-json\/wp\/v2\/product\/6430\/revisions\/8884"}],"wp:featuredmedia":[{"embeddable":true,"href":"https:\/\/dairytop.eu\/de\/wp-json\/wp\/v2\/media\/6431"}],"wp:attachment":[{"href":"https:\/\/dairytop.eu\/de\/wp-json\/wp\/v2\/media?parent=6430"}],"wp:term":[{"taxonomy":"product_brand","embeddable":true,"href":"https:\/\/dairytop.eu\/de\/wp-json\/wp\/v2\/product_brand?post=6430"},{"taxonomy":"product_cat","embeddable":true,"href":"https:\/\/dairytop.eu\/de\/wp-json\/wp\/v2\/product_cat?post=6430"},{"taxonomy":"product_tag","embeddable":true,"href":"https:\/\/dairytop.eu\/de\/wp-json\/wp\/v2\/product_tag?post=6430"}],"curies":[{"name":"wp","href":"https:\/\/api.w.org\/{rel}","templated":true}]}}