{"id":6434,"date":"2026-02-11T16:24:58","date_gmt":"2026-02-11T15:24:58","guid":{"rendered":"https:\/\/new.dairytop.eu\/product\/twenty-one-1-kg\/"},"modified":"2026-03-18T10:01:50","modified_gmt":"2026-03-18T09:01:50","slug":"twenty-one-1-kg","status":"publish","type":"product","link":"https:\/\/dairytop.eu\/de\/product\/twenty-one-1-kg\/","title":{"rendered":"Twenty One 1 kg"},"content":{"rendered":"","protected":false},"excerpt":{"rendered":"<p><b>Twenty One wird zur Bek\u00e4mpfung von Fliegen in Tierst\u00e4llen eingesetzt.<\/b><\/p>\n<p><i>Das Mittel ist ausschlie\u00dflich f\u00fcr den professionellen Gebrauch bestimmt.<\/i><\/p>\n<p><b>Eigenschaften<\/b><br \/>\n\u2013 Schnelle und langanhaltende Wirkung, bis zu 8 Wochen<br \/>\n\u2013 Doppelte Wirkung: durch Kontakt und durch Aufnahme<\/p>\n<p><b>Anwendung:<\/b> Durch Bestreichen von Paneelen, zur Verwendung in Rinder-, Schweine- und H\u00fchnerst\u00e4llen. (Gleiche Zusammensetzung wie Alfacron) <\/p>\n<p><b>Dosierung:<\/b> Mischen Sie Twenty One zu gleichen Teilen (1:1) mit lauwarmem Wasser und r\u00fchren Sie dies gut um. Tragen Sie die entstandene Paste mit einem Pinsel oder einer Rolle auf daf\u00fcr vorgesehene Kunststoffpaneele (oder Holzpaneele) auf, die anschlie\u00dfend im Raum aufgeh\u00e4ngt werden. <\/p>\n<p><b>Wirkstoff:<\/b> Azamethiphos 10 % mit Lockstoff<\/p>\n<p><b>Verpackung:<\/b> 1 kg. Ausreichend f\u00fcr 400 m\u00b2 Bodenfl\u00e4che <\/p>\n<p>Nur an Stellen anwenden, die f\u00fcr Kinder, Vieh und Haustiere unzug\u00e4nglich sind.<br \/>\nNicht auf por\u00f6sen Oberfl\u00e4chen anwenden<\/p>\n<p>Biozide sicher verwenden. Vor Gebrauch die Gebrauchsanweisung lesen. <b>NL-Zulassung. Dieses Produkt ist nur f\u00fcr die Verwendung in den Niederlanden zugelassen.<\/b> <\/p>\n","protected":false},"featured_media":6435,"template":"","meta":{"site-sidebar-layout":"default","site-content-layout":"","ast-site-content-layout":"default","site-content-style":"default","site-sidebar-style":"default","ast-global-header-display":"","ast-banner-title-visibility":"","ast-main-header-display":"","ast-hfb-above-header-display":"","ast-hfb-below-header-display":"","ast-hfb-mobile-header-display":"","site-post-title":"","ast-breadcrumbs-content":"","ast-featured-img":"","footer-sml-layout":"","ast-disable-related-posts":"","theme-transparent-header-meta":"","adv-header-id-meta":"","stick-header-meta":"","header-above-stick-meta":"","header-main-stick-meta":"","header-below-stick-meta":"","astra-migrate-meta-layouts":"default","ast-page-background-enabled":"default","ast-page-background-meta":{"desktop":{"background-color":"var(--ast-global-color-4)","background-image":"","background-repeat":"repeat","background-position":"center center","background-size":"auto","background-attachment":"scroll","background-type":"","background-media":"","overlay-type":"","overlay-color":"","overlay-opacity":"","overlay-gradient":""},"tablet":{"background-color":"","background-image":"","background-repeat":"repeat","background-position":"center center","background-size":"auto","background-attachment":"scroll","background-type":"","background-media":"","overlay-type":"","overlay-color":"","overlay-opacity":"","overlay-gradient":""},"mobile":{"background-color":"","background-image":"","background-repeat":"repeat","background-position":"center center","background-size":"auto","background-attachment":"scroll","background-type":"","background-media":"","overlay-type":"","overlay-color":"","overlay-opacity":"","overlay-gradient":""}},"ast-content-background-meta":{"desktop":{"background-color":"var(--ast-global-color-5)","background-image":"","background-repeat":"repeat","background-position":"center center","background-size":"auto","background-attachment":"scroll","background-type":"","background-media":"","overlay-type":"","overlay-color":"","overlay-opacity":"","overlay-gradient":""},"tablet":{"background-color":"var(--ast-global-color-5)","background-image":"","background-repeat":"repeat","background-position":"center center","background-size":"auto","background-attachment":"scroll","background-type":"","background-media":"","overlay-type":"","overlay-color":"","overlay-opacity":"","overlay-gradient":""},"mobile":{"background-color":"var(--ast-global-color-5)","background-image":"","background-repeat":"repeat","background-position":"center center","background-size":"auto","background-attachment":"scroll","background-type":"","background-media":"","overlay-type":"","overlay-color":"","overlay-opacity":"","overlay-gradient":""}}},"product_brand":[],"product_cat":[130,256,281],"product_tag":[],"class_list":{"0":"post-6434","1":"product","2":"type-product","3":"status-publish","4":"has-post-thumbnail","6":"product_cat-alle-produkten","7":"product_cat-alle-produkten-3","8":"product_cat-schadlingsbekampfung","9":"desktop-align-center","10":"tablet-align-left","11":"mobile-align-left","12":"ast-product-gallery-layout-horizontal","13":"ast-product-gallery-with-no-image","14":"ast-product-tabs-layout-horizontal","16":"first","17":"instock","18":"taxable","19":"shipping-taxable","20":"purchasable","21":"product-type-simple"},"_links":{"self":[{"href":"https:\/\/dairytop.eu\/de\/wp-json\/wp\/v2\/product\/6434","targetHints":{"allow":["GET"]}}],"collection":[{"href":"https:\/\/dairytop.eu\/de\/wp-json\/wp\/v2\/product"}],"about":[{"href":"https:\/\/dairytop.eu\/de\/wp-json\/wp\/v2\/types\/product"}],"version-history":[{"count":1,"href":"https:\/\/dairytop.eu\/de\/wp-json\/wp\/v2\/product\/6434\/revisions"}],"predecessor-version":[{"id":8495,"href":"https:\/\/dairytop.eu\/de\/wp-json\/wp\/v2\/product\/6434\/revisions\/8495"}],"wp:featuredmedia":[{"embeddable":true,"href":"https:\/\/dairytop.eu\/de\/wp-json\/wp\/v2\/media\/6435"}],"wp:attachment":[{"href":"https:\/\/dairytop.eu\/de\/wp-json\/wp\/v2\/media?parent=6434"}],"wp:term":[{"taxonomy":"product_brand","embeddable":true,"href":"https:\/\/dairytop.eu\/de\/wp-json\/wp\/v2\/product_brand?post=6434"},{"taxonomy":"product_cat","embeddable":true,"href":"https:\/\/dairytop.eu\/de\/wp-json\/wp\/v2\/product_cat?post=6434"},{"taxonomy":"product_tag","embeddable":true,"href":"https:\/\/dairytop.eu\/de\/wp-json\/wp\/v2\/product_tag?post=6434"}],"curies":[{"name":"wp","href":"https:\/\/api.w.org\/{rel}","templated":true}]}}