{"id":6475,"date":"2026-02-11T16:23:27","date_gmt":"2026-02-11T15:23:27","guid":{"rendered":"https:\/\/new.dairytop.eu\/product\/dairytop-calfs-choice-total-100-kolostrum-trockenpulver\/"},"modified":"2026-04-07T13:25:24","modified_gmt":"2026-04-07T11:25:24","slug":"dairytop-calfs-choice-total-100-kolostrum-trockenpulver","status":"publish","type":"product","link":"https:\/\/dairytop.eu\/de\/product\/dairytop-calfs-choice-total-100-kolostrum-trockenpulver\/","title":{"rendered":"DairyTop Calf&#8217;s Choice Total\u00ae 100 Trockenkolostrumpulver\/Kolostrum"},"content":{"rendered":"","protected":false},"excerpt":{"rendered":"<p>Calf\u2019s Choice Total dient als Ersatz oder Erg\u00e4nzung von Kolostrum f\u00fcr K\u00e4lber.<br \/>\nEs ist reich an Kolostrumfett, der wichtigsten Energiequelle f\u00fcr das neugeborene Kalb.<br \/>\nEs ist eine hervorragende Quelle f\u00fcr essenzielle Proteine, Kolostrumfett und andere wichtige Faktoren, die \u00dcberlebenschancen, Gesundheit, Wachstum und k\u00fcnftige Produktivit\u00e4t positiv beeinflussen.<br \/>\nCCT ist kein k\u00fcnstlich hergestelltes Produkt.<br \/>\nEs wird nicht aus Molke, Eiern, Pflanzenfetten oder anderen Bestandteilen hergestellt, die nicht in nat\u00fcrlichem Rinderkolostrum vorkommen.<\/p>\n<p><strong>Eigenschaften:<\/strong><\/p>\n<ul>\n<li>Vollst\u00e4ndiges Rinderkolostrum \u2013 ohne Zusatz von Milch-, Molke- oder Eipulver<\/li>\n<li>Vollst\u00e4ndiges Kolostrumfett<\/li>\n<li>Die wichtigste Energiequelle f\u00fcr ein neugeborenes Kalb<\/li>\n<li>Sicher und effektiv<\/li>\n<li>Frei von Krankheitserregern und auf Sicherheit sowie Wirksamkeit gepr\u00fcft<\/li>\n<li>Einfach \u2013 15 Sekunden mischen und unge\u00f6ffnet 3 Jahre haltbar<\/li>\n<li>GMP+ FSA gesichert<\/li>\n<\/ul>\n","protected":false},"featured_media":6476,"template":"","meta":{"site-sidebar-layout":"default","site-content-layout":"","ast-site-content-layout":"default","site-content-style":"default","site-sidebar-style":"default","ast-global-header-display":"","ast-banner-title-visibility":"","ast-main-header-display":"","ast-hfb-above-header-display":"","ast-hfb-below-header-display":"","ast-hfb-mobile-header-display":"","site-post-title":"","ast-breadcrumbs-content":"","ast-featured-img":"","footer-sml-layout":"","ast-disable-related-posts":"","theme-transparent-header-meta":"","adv-header-id-meta":"","stick-header-meta":"","header-above-stick-meta":"","header-main-stick-meta":"","header-below-stick-meta":"","astra-migrate-meta-layouts":"default","ast-page-background-enabled":"default","ast-page-background-meta":{"desktop":{"background-color":"var(--ast-global-color-4)","background-image":"","background-repeat":"repeat","background-position":"center center","background-size":"auto","background-attachment":"scroll","background-type":"","background-media":"","overlay-type":"","overlay-color":"","overlay-opacity":"","overlay-gradient":""},"tablet":{"background-color":"","background-image":"","background-repeat":"repeat","background-position":"center center","background-size":"auto","background-attachment":"scroll","background-type":"","background-media":"","overlay-type":"","overlay-color":"","overlay-opacity":"","overlay-gradient":""},"mobile":{"background-color":"","background-image":"","background-repeat":"repeat","background-position":"center center","background-size":"auto","background-attachment":"scroll","background-type":"","background-media":"","overlay-type":"","overlay-color":"","overlay-opacity":"","overlay-gradient":""}},"ast-content-background-meta":{"desktop":{"background-color":"var(--ast-global-color-5)","background-image":"","background-repeat":"repeat","background-position":"center center","background-size":"auto","background-attachment":"scroll","background-type":"","background-media":"","overlay-type":"","overlay-color":"","overlay-opacity":"","overlay-gradient":""},"tablet":{"background-color":"var(--ast-global-color-5)","background-image":"","background-repeat":"repeat","background-position":"center center","background-size":"auto","background-attachment":"scroll","background-type":"","background-media":"","overlay-type":"","overlay-color":"","overlay-opacity":"","overlay-gradient":""},"mobile":{"background-color":"var(--ast-global-color-5)","background-image":"","background-repeat":"repeat","background-position":"center center","background-size":"auto","background-attachment":"scroll","background-type":"","background-media":"","overlay-type":"","overlay-color":"","overlay-opacity":"","overlay-gradient":""}}},"product_brand":[],"product_cat":[62,55],"product_tag":[],"class_list":{"0":"post-6475","1":"product","2":"type-product","3":"status-publish","4":"has-post-thumbnail","6":"product_cat-alle-producten","7":"product_cat-aanvullende-diervoeders","8":"desktop-align-center","9":"tablet-align-left","10":"mobile-align-left","11":"ast-product-gallery-layout-horizontal","12":"ast-product-gallery-with-no-image","13":"ast-product-single-variable","14":"ast-product-tabs-layout-horizontal","16":"first","17":"instock","18":"taxable","19":"shipping-taxable","20":"purchasable","21":"product-type-variable"},"_links":{"self":[{"href":"https:\/\/dairytop.eu\/de\/wp-json\/wp\/v2\/product\/6475","targetHints":{"allow":["GET"]}}],"collection":[{"href":"https:\/\/dairytop.eu\/de\/wp-json\/wp\/v2\/product"}],"about":[{"href":"https:\/\/dairytop.eu\/de\/wp-json\/wp\/v2\/types\/product"}],"version-history":[{"count":1,"href":"https:\/\/dairytop.eu\/de\/wp-json\/wp\/v2\/product\/6475\/revisions"}],"predecessor-version":[{"id":7830,"href":"https:\/\/dairytop.eu\/de\/wp-json\/wp\/v2\/product\/6475\/revisions\/7830"}],"wp:featuredmedia":[{"embeddable":true,"href":"https:\/\/dairytop.eu\/de\/wp-json\/wp\/v2\/media\/6476"}],"wp:attachment":[{"href":"https:\/\/dairytop.eu\/de\/wp-json\/wp\/v2\/media?parent=6475"}],"wp:term":[{"taxonomy":"product_brand","embeddable":true,"href":"https:\/\/dairytop.eu\/de\/wp-json\/wp\/v2\/product_brand?post=6475"},{"taxonomy":"product_cat","embeddable":true,"href":"https:\/\/dairytop.eu\/de\/wp-json\/wp\/v2\/product_cat?post=6475"},{"taxonomy":"product_tag","embeddable":true,"href":"https:\/\/dairytop.eu\/de\/wp-json\/wp\/v2\/product_tag?post=6475"}],"curies":[{"name":"wp","href":"https:\/\/api.w.org\/{rel}","templated":true}]}}