{"id":6537,"date":"2026-02-11T16:22:58","date_gmt":"2026-02-11T15:22:58","guid":{"rendered":"https:\/\/new.dairytop.eu\/product\/zitronensaeure\/"},"modified":"2026-03-25T10:28:35","modified_gmt":"2026-03-25T09:28:35","slug":"zitronensaeure","status":"publish","type":"product","link":"https:\/\/dairytop.eu\/de\/product\/zitronensaeure\/","title":{"rendered":"Zitronens\u00e4ure"},"content":{"rendered":"","protected":false},"excerpt":{"rendered":"<p>Nat\u00fcrliche Zitronens\u00e4ure ohne weitere Inhaltsstoffe bietet eine exzellente Alternative, um Vollmilch funktionell, einfach und sicher anzus\u00e4uern.<\/p>\n<p>Zitronens\u00e4ure wird f\u00fcr die Ad-libitum-F\u00fctterung oder zur besseren Verwertung der Vollmilch verwendet.<\/p>\n<p>Standardm\u00e4\u00dfig wird 1 g Zitronens\u00e4ure pro 1 Liter (Voll-)Milch verwendet. Wichtig ist, dass die Milch nicht w\u00e4rmer als 30 \u00b0C ist, da sie sonst ausflockt oder gerinnt. <\/p>\n<p>Der optimale pH-Wert liegt zwischen 5,5 und 5,8<\/p>\n<p>Bei der Verwendung von Milchpulver wird dieses zun\u00e4chst in einer geringeren Menge \u2013 mit dem richtigen Anteil an Milchpulver \u2013 bei der richtigen Temperatur zubereitet (45 \u00b0C Anr\u00fchrtemperatur) und dann mit kaltem Wasser auf die ben\u00f6tigte Menge abgek\u00fchlt (bis 30 \u00b0C oder etwas darunter).<\/p>\n<table>\n<tbody>\n<tr>\n<td width=\"302\">Inhalt<\/td>\n<td width=\"302\">25 kg pro Sack<\/td>\n<\/tr>\n<\/tbody>\n<\/table>\n<p>&nbsp;<\/p>\n","protected":false},"featured_media":6538,"template":"","meta":{"site-sidebar-layout":"default","site-content-layout":"","ast-site-content-layout":"default","site-content-style":"default","site-sidebar-style":"default","ast-global-header-display":"","ast-banner-title-visibility":"","ast-main-header-display":"","ast-hfb-above-header-display":"","ast-hfb-below-header-display":"","ast-hfb-mobile-header-display":"","site-post-title":"","ast-breadcrumbs-content":"","ast-featured-img":"","footer-sml-layout":"","ast-disable-related-posts":"","theme-transparent-header-meta":"","adv-header-id-meta":"","stick-header-meta":"","header-above-stick-meta":"","header-main-stick-meta":"","header-below-stick-meta":"","astra-migrate-meta-layouts":"default","ast-page-background-enabled":"default","ast-page-background-meta":{"desktop":{"background-color":"var(--ast-global-color-4)","background-image":"","background-repeat":"repeat","background-position":"center center","background-size":"auto","background-attachment":"scroll","background-type":"","background-media":"","overlay-type":"","overlay-color":"","overlay-opacity":"","overlay-gradient":""},"tablet":{"background-color":"","background-image":"","background-repeat":"repeat","background-position":"center center","background-size":"auto","background-attachment":"scroll","background-type":"","background-media":"","overlay-type":"","overlay-color":"","overlay-opacity":"","overlay-gradient":""},"mobile":{"background-color":"","background-image":"","background-repeat":"repeat","background-position":"center center","background-size":"auto","background-attachment":"scroll","background-type":"","background-media":"","overlay-type":"","overlay-color":"","overlay-opacity":"","overlay-gradient":""}},"ast-content-background-meta":{"desktop":{"background-color":"var(--ast-global-color-5)","background-image":"","background-repeat":"repeat","background-position":"center center","background-size":"auto","background-attachment":"scroll","background-type":"","background-media":"","overlay-type":"","overlay-color":"","overlay-opacity":"","overlay-gradient":""},"tablet":{"background-color":"var(--ast-global-color-5)","background-image":"","background-repeat":"repeat","background-position":"center center","background-size":"auto","background-attachment":"scroll","background-type":"","background-media":"","overlay-type":"","overlay-color":"","overlay-opacity":"","overlay-gradient":""},"mobile":{"background-color":"var(--ast-global-color-5)","background-image":"","background-repeat":"repeat","background-position":"center center","background-size":"auto","background-attachment":"scroll","background-type":"","background-media":"","overlay-type":"","overlay-color":"","overlay-opacity":"","overlay-gradient":""}}},"product_brand":[],"product_cat":[256,227,204],"product_tag":[],"class_list":{"0":"post-6537","1":"product","2":"type-product","3":"status-publish","4":"has-post-thumbnail","6":"product_cat-alle-produkten-3","7":"product_cat-erganzungsfuttermittel","8":"product_cat-kalberfutterung","9":"product_shipping_class-licht","10":"desktop-align-center","11":"tablet-align-left","12":"mobile-align-left","13":"ast-product-gallery-layout-horizontal","14":"ast-product-gallery-with-no-image","15":"ast-product-tabs-layout-horizontal","17":"first","18":"instock","19":"taxable","20":"shipping-taxable","21":"purchasable","22":"product-type-simple"},"_links":{"self":[{"href":"https:\/\/dairytop.eu\/de\/wp-json\/wp\/v2\/product\/6537","targetHints":{"allow":["GET"]}}],"collection":[{"href":"https:\/\/dairytop.eu\/de\/wp-json\/wp\/v2\/product"}],"about":[{"href":"https:\/\/dairytop.eu\/de\/wp-json\/wp\/v2\/types\/product"}],"version-history":[{"count":1,"href":"https:\/\/dairytop.eu\/de\/wp-json\/wp\/v2\/product\/6537\/revisions"}],"predecessor-version":[{"id":7599,"href":"https:\/\/dairytop.eu\/de\/wp-json\/wp\/v2\/product\/6537\/revisions\/7599"}],"wp:featuredmedia":[{"embeddable":true,"href":"https:\/\/dairytop.eu\/de\/wp-json\/wp\/v2\/media\/6538"}],"wp:attachment":[{"href":"https:\/\/dairytop.eu\/de\/wp-json\/wp\/v2\/media?parent=6537"}],"wp:term":[{"taxonomy":"product_brand","embeddable":true,"href":"https:\/\/dairytop.eu\/de\/wp-json\/wp\/v2\/product_brand?post=6537"},{"taxonomy":"product_cat","embeddable":true,"href":"https:\/\/dairytop.eu\/de\/wp-json\/wp\/v2\/product_cat?post=6537"},{"taxonomy":"product_tag","embeddable":true,"href":"https:\/\/dairytop.eu\/de\/wp-json\/wp\/v2\/product_tag?post=6537"}],"curies":[{"name":"wp","href":"https:\/\/api.w.org\/{rel}","templated":true}]}}