{"id":6571,"date":"2026-02-11T15:21:09","date_gmt":"2026-02-11T14:21:09","guid":{"rendered":"https:\/\/new.dairytop.eu\/product\/calfotel-combifeeder-xl\/"},"modified":"2026-04-05T12:23:50","modified_gmt":"2026-04-05T10:23:50","slug":"calfotel-combifeeder-xl","status":"publish","type":"product","link":"https:\/\/dairytop.eu\/de\/product\/calfotel-combifeeder-xl\/","title":{"rendered":"CalfOtel Combifeeder XL"},"content":{"rendered":"","protected":false},"excerpt":{"rendered":"<p>Seit 2017 hat CalfOTel einen neuen Futtertrog im Zubeh\u00f6rsortiment: den CalfOTel CombiFeeder XL. Ein robuster, aber tragbarer Futtertrog aus wartungsfreiem Edelstahl. Im Inneren kann eine Raufe f\u00fcr Heu installiert werden. So bleibt das Heu sauber von Kraftfutter oder K\u00e4lberpellets getrennt.   <\/p>\n<p>Der CalfOTel CombiFeeder XL kann am Seitengitter einer XL-5 oder XL-10 Gruppenbucht aufgeh\u00e4ngt werden.<\/p>\n<ul>\n<li>Die Heumenge von ca. 75 Litern ist ausreichend f\u00fcr f\u00fcnf K\u00e4lber.<\/li>\n<li>\u00dcber den Deckel lassen sich K\u00e4lberpellets einfach nachf\u00fcllen.<\/li>\n<li>Das Edelstahlmaterial erm\u00f6glicht eine einfache Reinigung und minimalen Wartungsaufwand.<\/li>\n<li>Sie k\u00f6nnen Kraftfutter zuf\u00fcttern, ohne dass das Futter nass wird.<\/li>\n<li>Die Befestigung erfolgt einfach und schnell.<\/li>\n<li>Heu kann einfach in die Heuraufe gegeben werden. Zudem bleibt das Heu unter dem Deckel gut trocken. <\/li>\n<li>Der Kraftfutterbeh\u00e4lter unter der Raufe dient gleichzeitig als Auffangwanne f\u00fcr versch\u00fcttetes Heu, wodurch die Aufnahme von verschmutztem Heu vom Boden reduziert wird.<\/li>\n<\/ul>\n","protected":false},"featured_media":6572,"template":"","meta":{"site-sidebar-layout":"default","site-content-layout":"","ast-site-content-layout":"default","site-content-style":"default","site-sidebar-style":"default","ast-global-header-display":"","ast-banner-title-visibility":"","ast-main-header-display":"","ast-hfb-above-header-display":"","ast-hfb-below-header-display":"","ast-hfb-mobile-header-display":"","site-post-title":"","ast-breadcrumbs-content":"","ast-featured-img":"","footer-sml-layout":"","ast-disable-related-posts":"","theme-transparent-header-meta":"","adv-header-id-meta":"","stick-header-meta":"","header-above-stick-meta":"","header-main-stick-meta":"","header-below-stick-meta":"","astra-migrate-meta-layouts":"default","ast-page-background-enabled":"default","ast-page-background-meta":{"desktop":{"background-color":"var(--ast-global-color-4)","background-image":"","background-repeat":"repeat","background-position":"center center","background-size":"auto","background-attachment":"scroll","background-type":"","background-media":"","overlay-type":"","overlay-color":"","overlay-opacity":"","overlay-gradient":""},"tablet":{"background-color":"","background-image":"","background-repeat":"repeat","background-position":"center center","background-size":"auto","background-attachment":"scroll","background-type":"","background-media":"","overlay-type":"","overlay-color":"","overlay-opacity":"","overlay-gradient":""},"mobile":{"background-color":"","background-image":"","background-repeat":"repeat","background-position":"center center","background-size":"auto","background-attachment":"scroll","background-type":"","background-media":"","overlay-type":"","overlay-color":"","overlay-opacity":"","overlay-gradient":""}},"ast-content-background-meta":{"desktop":{"background-color":"var(--ast-global-color-5)","background-image":"","background-repeat":"repeat","background-position":"center center","background-size":"auto","background-attachment":"scroll","background-type":"","background-media":"","overlay-type":"","overlay-color":"","overlay-opacity":"","overlay-gradient":""},"tablet":{"background-color":"var(--ast-global-color-5)","background-image":"","background-repeat":"repeat","background-position":"center center","background-size":"auto","background-attachment":"scroll","background-type":"","background-media":"","overlay-type":"","overlay-color":"","overlay-opacity":"","overlay-gradient":""},"mobile":{"background-color":"var(--ast-global-color-5)","background-image":"","background-repeat":"repeat","background-position":"center center","background-size":"auto","background-attachment":"scroll","background-type":"","background-media":"","overlay-type":"","overlay-color":"","overlay-opacity":"","overlay-gradient":""}}},"product_brand":[],"product_cat":[62,54,56,75,66],"product_tag":[],"class_list":{"0":"post-6571","1":"product","2":"type-product","3":"status-publish","4":"has-post-thumbnail","6":"product_cat-alle-producten","7":"product_cat-voertroggen","8":"product_cat-hooiruiven","9":"product_cat-xl-5-xl-10","10":"product_cat-accessoires","11":"desktop-align-center","12":"tablet-align-left","13":"mobile-align-left","14":"ast-product-gallery-layout-horizontal","15":"ast-product-tabs-layout-horizontal","17":"first","18":"instock","19":"taxable","20":"shipping-taxable","21":"purchasable","22":"product-type-simple"},"_links":{"self":[{"href":"https:\/\/dairytop.eu\/de\/wp-json\/wp\/v2\/product\/6571","targetHints":{"allow":["GET"]}}],"collection":[{"href":"https:\/\/dairytop.eu\/de\/wp-json\/wp\/v2\/product"}],"about":[{"href":"https:\/\/dairytop.eu\/de\/wp-json\/wp\/v2\/types\/product"}],"version-history":[{"count":1,"href":"https:\/\/dairytop.eu\/de\/wp-json\/wp\/v2\/product\/6571\/revisions"}],"predecessor-version":[{"id":7628,"href":"https:\/\/dairytop.eu\/de\/wp-json\/wp\/v2\/product\/6571\/revisions\/7628"}],"wp:featuredmedia":[{"embeddable":true,"href":"https:\/\/dairytop.eu\/de\/wp-json\/wp\/v2\/media\/6572"}],"wp:attachment":[{"href":"https:\/\/dairytop.eu\/de\/wp-json\/wp\/v2\/media?parent=6571"}],"wp:term":[{"taxonomy":"product_brand","embeddable":true,"href":"https:\/\/dairytop.eu\/de\/wp-json\/wp\/v2\/product_brand?post=6571"},{"taxonomy":"product_cat","embeddable":true,"href":"https:\/\/dairytop.eu\/de\/wp-json\/wp\/v2\/product_cat?post=6571"},{"taxonomy":"product_tag","embeddable":true,"href":"https:\/\/dairytop.eu\/de\/wp-json\/wp\/v2\/product_tag?post=6571"}],"curies":[{"name":"wp","href":"https:\/\/api.w.org\/{rel}","templated":true}]}}