{"id":6580,"date":"2026-02-11T15:20:44","date_gmt":"2026-02-11T14:20:44","guid":{"rendered":"https:\/\/new.dairytop.eu\/product\/calfotel-xl-10-mit-auslaufumzaeunung\/"},"modified":"2026-03-18T10:03:50","modified_gmt":"2026-03-18T09:03:50","slug":"calfotel-xl-10-mit-auslaufumzaeunung","status":"publish","type":"product","link":"https:\/\/dairytop.eu\/de\/product\/calfotel-xl-10-mit-auslaufumzaeunung\/","title":{"rendered":"CalfOTel XL-10 mit Auslaufumz\u00e4unung"},"content":{"rendered":"","protected":false},"excerpt":{"rendered":"<p>Der CalfOTel XL-10 ist die ideale L\u00f6sung f\u00fcr den \u00dcbergang von der K\u00e4lberh\u00fctte in den Jungviehstall. Perfekt f\u00fcr gr\u00f6\u00dfere K\u00e4lbergruppen, optional kombinierbar mit einem Tr\u00e4nkeautomaten. <\/p>\n<div class=\"box-collateral box-description\">\n<div class=\"box-collateral-content\">\n<div class=\"std\">\n<h2>St\u00e4rken<\/h2>\n<ul>\n<li>Geeignet f\u00fcr die Unterbringung von 10 K\u00e4lbern<\/li>\n<li>Verzinkte, patentierte Umz\u00e4unung (EP 1.138.196)<\/li>\n<li>Hergestellt aus glasfaserverst\u00e4rktem Polyester, was eine lange Lebensdauer und Schattentemperaturen im Sommer garantiert<\/li>\n<li>Hervorragende Bel\u00fcftung durch die \u00d6ffnungen im Dach<\/li>\n<li>Serienm\u00e4\u00dfig mit Kran\u00f6sen ausgestattet, daher leicht versetzbar<\/li>\n<li>Umz\u00e4unung mit Arretierungssystem ausgestattet<\/li>\n<li>Die glatte Innenschicht verhindert Bakterienbildung und ist leicht zu reinigen<\/li>\n<li>Umz\u00e4unung l\u00e4sst sich einfach von der H\u00fctte trennen<\/li>\n<li>Durch ein herausnehmbares Fressgitter k\u00f6nnen die K\u00e4lber einfach in der H\u00fctte fixiert werden<\/li>\n<li>Hervorragender Zugang zur H\u00fctte durch eine Pforte im Seitengitter<\/li>\n<li>Das System bietet optimale \u00dcbersicht.<\/li>\n<\/ul>\n<p>&nbsp;<\/p>\n<h2>Abmessungen CalfOTel\u00ae XL-10<\/h2>\n<p>Abmessungen: (L x B x H)<br \/>\nH\u00fctte: 245 x 450 x 200 cm<br \/>\nUmz\u00e4unung: 290 x 450 x 105 cm<\/p>\n<p>Abmessungen sind Au\u00dfenma\u00dfe\/Transportma\u00dfe und k\u00f6nnen je H\u00fctte variieren.<\/p>\n<\/div>\n<\/div>\n<\/div>\n<div class=\"box-collateral box-additional\">\n<h2>Zus\u00e4tzliche Informationen<\/h2>\n<div class=\"box-collateral-content\">\n<table id=\"product-attribute-specs-table\" class=\"data-table\">\n<colgroup>\n<col width=\"25%\">\n<col><\/colgroup>\n<tbody>\n<tr class=\"first odd\">\n<th class=\"label\">Abmessungen K\u00e4lberiglu<\/th>\n<td class=\"data last\">245 cm x 450 cm x 200 cm<\/td>\n<\/tr>\n<tr class=\"last even\">\n<th class=\"label\">Abmessungen Umz\u00e4unung<\/th>\n<td class=\"data last\">290 cm x 450 cm x 105 cm<\/td>\n<\/tr>\n<\/tbody>\n<\/table>\n<\/div>\n<\/div>\n<p>&nbsp;<\/p>\n","protected":false},"featured_media":6581,"template":"","meta":{"site-sidebar-layout":"default","site-content-layout":"","ast-site-content-layout":"default","site-content-style":"default","site-sidebar-style":"default","ast-global-header-display":"","ast-banner-title-visibility":"","ast-main-header-display":"","ast-hfb-above-header-display":"","ast-hfb-below-header-display":"","ast-hfb-mobile-header-display":"","site-post-title":"","ast-breadcrumbs-content":"","ast-featured-img":"","footer-sml-layout":"","ast-disable-related-posts":"","theme-transparent-header-meta":"","adv-header-id-meta":"","stick-header-meta":"","header-above-stick-meta":"","header-main-stick-meta":"","header-below-stick-meta":"","astra-migrate-meta-layouts":"default","ast-page-background-enabled":"default","ast-page-background-meta":{"desktop":{"background-color":"var(--ast-global-color-4)","background-image":"","background-repeat":"repeat","background-position":"center center","background-size":"auto","background-attachment":"scroll","background-type":"","background-media":"","overlay-type":"","overlay-color":"","overlay-opacity":"","overlay-gradient":""},"tablet":{"background-color":"","background-image":"","background-repeat":"repeat","background-position":"center center","background-size":"auto","background-attachment":"scroll","background-type":"","background-media":"","overlay-type":"","overlay-color":"","overlay-opacity":"","overlay-gradient":""},"mobile":{"background-color":"","background-image":"","background-repeat":"repeat","background-position":"center center","background-size":"auto","background-attachment":"scroll","background-type":"","background-media":"","overlay-type":"","overlay-color":"","overlay-opacity":"","overlay-gradient":""}},"ast-content-background-meta":{"desktop":{"background-color":"var(--ast-global-color-5)","background-image":"","background-repeat":"repeat","background-position":"center center","background-size":"auto","background-attachment":"scroll","background-type":"","background-media":"","overlay-type":"","overlay-color":"","overlay-opacity":"","overlay-gradient":""},"tablet":{"background-color":"var(--ast-global-color-5)","background-image":"","background-repeat":"repeat","background-position":"center center","background-size":"auto","background-attachment":"scroll","background-type":"","background-media":"","overlay-type":"","overlay-color":"","overlay-opacity":"","overlay-gradient":""},"mobile":{"background-color":"var(--ast-global-color-5)","background-image":"","background-repeat":"repeat","background-position":"center center","background-size":"auto","background-attachment":"scroll","background-type":"","background-media":"","overlay-type":"","overlay-color":"","overlay-opacity":"","overlay-gradient":""}}},"product_brand":[],"product_cat":[130,256,193,192],"product_tag":[],"class_list":{"0":"post-6580","1":"product","2":"type-product","3":"status-publish","4":"has-post-thumbnail","6":"product_cat-alle-produkten","7":"product_cat-alle-produkten-3","8":"product_cat-gruppeniglus","9":"product_cat-xl-5-xl-10","10":"desktop-align-center","11":"tablet-align-left","12":"mobile-align-left","13":"ast-product-gallery-layout-horizontal","14":"ast-product-gallery-with-no-image","15":"ast-product-tabs-layout-horizontal","17":"first","18":"instock","19":"taxable","20":"shipping-taxable","21":"purchasable","22":"product-type-simple"},"_links":{"self":[{"href":"https:\/\/dairytop.eu\/de\/wp-json\/wp\/v2\/product\/6580","targetHints":{"allow":["GET"]}}],"collection":[{"href":"https:\/\/dairytop.eu\/de\/wp-json\/wp\/v2\/product"}],"about":[{"href":"https:\/\/dairytop.eu\/de\/wp-json\/wp\/v2\/types\/product"}],"version-history":[{"count":1,"href":"https:\/\/dairytop.eu\/de\/wp-json\/wp\/v2\/product\/6580\/revisions"}],"predecessor-version":[{"id":8032,"href":"https:\/\/dairytop.eu\/de\/wp-json\/wp\/v2\/product\/6580\/revisions\/8032"}],"wp:featuredmedia":[{"embeddable":true,"href":"https:\/\/dairytop.eu\/de\/wp-json\/wp\/v2\/media\/6581"}],"wp:attachment":[{"href":"https:\/\/dairytop.eu\/de\/wp-json\/wp\/v2\/media?parent=6580"}],"wp:term":[{"taxonomy":"product_brand","embeddable":true,"href":"https:\/\/dairytop.eu\/de\/wp-json\/wp\/v2\/product_brand?post=6580"},{"taxonomy":"product_cat","embeddable":true,"href":"https:\/\/dairytop.eu\/de\/wp-json\/wp\/v2\/product_cat?post=6580"},{"taxonomy":"product_tag","embeddable":true,"href":"https:\/\/dairytop.eu\/de\/wp-json\/wp\/v2\/product_tag?post=6580"}],"curies":[{"name":"wp","href":"https:\/\/api.w.org\/{rel}","templated":true}]}}