{"id":6596,"date":"2026-02-11T15:20:44","date_gmt":"2026-02-11T14:20:44","guid":{"rendered":"https:\/\/new.dairytop.eu\/product\/calfotel-xl-5-mit-absperrgitter\/"},"modified":"2026-05-04T11:32:17","modified_gmt":"2026-05-04T09:32:17","slug":"calfotel-xl-5-mit-absperrgitter","status":"publish","type":"product","link":"https:\/\/dairytop.eu\/de\/product\/calfotel-xl-5-mit-absperrgitter\/","title":{"rendered":"CalfOTel XL-5 mit Absperrgitter"},"content":{"rendered":"","protected":false},"excerpt":{"rendered":"<div class=\"short-description\">\n<div class=\"std\">\n<p>In der Praxis beobachten wir bei K\u00e4lbern h\u00e4ufig einen R\u00fcckschlag, wenn sie nach der Zeit in Einzelh\u00fctten in die Gruppenhaltung im Stall wechseln. Die CalfOTel\u00ae XL-5 ist daher die absolut beste Nachfolge f\u00fcr Einzelh\u00fctten. Wenn K\u00e4lber nach ihrem Aufenthalt in den H\u00fctten in diesem System im Freien aufgezogen werden, bis zu einem Alter von ca. 3 Monaten, vermeiden Sie diese Probleme. Die K\u00e4lber kehren dann mit einem gesunden Start zur\u00fcck in den Stall. Selbstverst\u00e4ndlich verf\u00fcgt das System XL-5 \u00fcber alle St\u00e4rken der CalfOTel\u00ae Einzelh\u00fctten.    <\/p>\n<\/div>\n<\/div>\n<div class=\"clear\">\n<div class=\"box-collateral box-description\">\n<h2>Details<\/h2>\n<div class=\"box-collateral-content\">\n<div class=\"std\">\n<h2>St\u00e4rken<\/h2>\n<ul>\n<li>Geeignet f\u00fcr die Unterbringung von 5 K\u00e4lbern<\/li>\n<li>Hergestellt aus glasfaserverst\u00e4rktem Polyester, was eine lange Lebensdauer und Schattentemperaturen im Sommer garantiert<\/li>\n<li>Hervorragende Bel\u00fcftung durch die \u00d6ffnungen im Dach<\/li>\n<li>Serienm\u00e4\u00dfig mit Kran\u00f6sen ausgestattet, daher leicht versetzbar<\/li>\n<li>Die glatte Innenschicht verhindert Bakterienbildung und ist leicht zu reinigen<\/li>\n<li>Die Kapazit\u00e4t ist ideal, um Gruppen von K\u00e4lbern gleichen Alters gleichzeitig ein- und auszustallen<\/li>\n<li>Das System bietet eine optimale \u00dcbersicht<\/li>\n<li>Die Stahlschwelle h\u00e4lt das Stroh in der H\u00fctte<\/li>\n<\/ul>\n<p>&nbsp;<\/p>\n<p>Optional: Absperrgitter ohne Fixiersystem<\/p>\n<h2>Abmessungen CalfOTel XL-5:<\/h2>\n<p>H\u00fctte mit Schwelle und Kran\u00f6sen sowie Absperrgitter mit 5 Fress\u00f6ffnungen.<br \/>\nAbmessungen: (L x B x H)<br \/>\nH\u00fctte: 260 x 225 x 180 cm<\/p>\n<p>Abmessungen sind Au\u00dfenma\u00dfe\/Transportma\u00dfe und k\u00f6nnen je H\u00fctte variieren.<\/p>\n<\/div>\n<\/div>\n<\/div>\n<div class=\"box-collateral box-additional\">\n<h2>Zus\u00e4tzliche Informationen<\/h2>\n<div class=\"box-collateral-content\">\n<table id=\"product-attribute-specs-table\" class=\"data-table\">\n<colgroup>\n<col width=\"25%\">\n<col><\/colgroup>\n<tbody>\n<tr class=\"first last odd\">\n<th class=\"label\">Abmessungen K\u00e4lberiglu<\/th>\n<td class=\"data last\">260 cm x 225 cm x 180 cm<\/td>\n<\/tr>\n<\/tbody>\n<\/table>\n<\/div>\n<\/div>\n<\/div>\n<div class=\"row\"><\/div>\n","protected":false},"featured_media":6597,"template":"","meta":{"site-sidebar-layout":"default","site-content-layout":"","ast-site-content-layout":"default","site-content-style":"default","site-sidebar-style":"default","ast-global-header-display":"","ast-banner-title-visibility":"","ast-main-header-display":"","ast-hfb-above-header-display":"","ast-hfb-below-header-display":"","ast-hfb-mobile-header-display":"","site-post-title":"","ast-breadcrumbs-content":"","ast-featured-img":"","footer-sml-layout":"","ast-disable-related-posts":"","theme-transparent-header-meta":"","adv-header-id-meta":"","stick-header-meta":"","header-above-stick-meta":"","header-main-stick-meta":"","header-below-stick-meta":"","astra-migrate-meta-layouts":"default","ast-page-background-enabled":"default","ast-page-background-meta":{"desktop":{"background-color":"var(--ast-global-color-4)","background-image":"","background-repeat":"repeat","background-position":"center center","background-size":"auto","background-attachment":"scroll","background-type":"","background-media":"","overlay-type":"","overlay-color":"","overlay-opacity":"","overlay-gradient":""},"tablet":{"background-color":"","background-image":"","background-repeat":"repeat","background-position":"center center","background-size":"auto","background-attachment":"scroll","background-type":"","background-media":"","overlay-type":"","overlay-color":"","overlay-opacity":"","overlay-gradient":""},"mobile":{"background-color":"","background-image":"","background-repeat":"repeat","background-position":"center center","background-size":"auto","background-attachment":"scroll","background-type":"","background-media":"","overlay-type":"","overlay-color":"","overlay-opacity":"","overlay-gradient":""}},"ast-content-background-meta":{"desktop":{"background-color":"var(--ast-global-color-5)","background-image":"","background-repeat":"repeat","background-position":"center center","background-size":"auto","background-attachment":"scroll","background-type":"","background-media":"","overlay-type":"","overlay-color":"","overlay-opacity":"","overlay-gradient":""},"tablet":{"background-color":"var(--ast-global-color-5)","background-image":"","background-repeat":"repeat","background-position":"center center","background-size":"auto","background-attachment":"scroll","background-type":"","background-media":"","overlay-type":"","overlay-color":"","overlay-opacity":"","overlay-gradient":""},"mobile":{"background-color":"var(--ast-global-color-5)","background-image":"","background-repeat":"repeat","background-position":"center center","background-size":"auto","background-attachment":"scroll","background-type":"","background-media":"","overlay-type":"","overlay-color":"","overlay-opacity":"","overlay-gradient":""}}},"product_brand":[],"product_cat":[256,193,295,267,192],"product_tag":[],"class_list":{"0":"post-6596","1":"product","2":"type-product","3":"status-publish","4":"has-post-thumbnail","6":"product_cat-alle-produkten-3","7":"product_cat-gruppeniglus","8":"product_cat-gruppenunterkunft","9":"product_cat-kalberstalle","10":"product_cat-xl-5-xl-10","11":"desktop-align-center","12":"tablet-align-left","13":"mobile-align-left","14":"ast-product-gallery-layout-horizontal","15":"ast-product-gallery-with-no-image","16":"ast-product-tabs-layout-horizontal","18":"first","19":"instock","20":"taxable","21":"shipping-taxable","22":"purchasable","23":"product-type-simple"},"_links":{"self":[{"href":"https:\/\/dairytop.eu\/de\/wp-json\/wp\/v2\/product\/6596","targetHints":{"allow":["GET"]}}],"collection":[{"href":"https:\/\/dairytop.eu\/de\/wp-json\/wp\/v2\/product"}],"about":[{"href":"https:\/\/dairytop.eu\/de\/wp-json\/wp\/v2\/types\/product"}],"version-history":[{"count":1,"href":"https:\/\/dairytop.eu\/de\/wp-json\/wp\/v2\/product\/6596\/revisions"}],"predecessor-version":[{"id":7585,"href":"https:\/\/dairytop.eu\/de\/wp-json\/wp\/v2\/product\/6596\/revisions\/7585"}],"wp:featuredmedia":[{"embeddable":true,"href":"https:\/\/dairytop.eu\/de\/wp-json\/wp\/v2\/media\/6597"}],"wp:attachment":[{"href":"https:\/\/dairytop.eu\/de\/wp-json\/wp\/v2\/media?parent=6596"}],"wp:term":[{"taxonomy":"product_brand","embeddable":true,"href":"https:\/\/dairytop.eu\/de\/wp-json\/wp\/v2\/product_brand?post=6596"},{"taxonomy":"product_cat","embeddable":true,"href":"https:\/\/dairytop.eu\/de\/wp-json\/wp\/v2\/product_cat?post=6596"},{"taxonomy":"product_tag","embeddable":true,"href":"https:\/\/dairytop.eu\/de\/wp-json\/wp\/v2\/product_tag?post=6596"}],"curies":[{"name":"wp","href":"https:\/\/api.w.org\/{rel}","templated":true}]}}