{"id":6671,"date":"2026-02-11T16:22:29","date_gmt":"2026-02-11T15:22:29","guid":{"rendered":"https:\/\/new.dairytop.eu\/product\/soft-drencher\/"},"modified":"2026-04-16T17:20:21","modified_gmt":"2026-04-16T15:20:21","slug":"soft-drencher","status":"publish","type":"product","link":"https:\/\/dairytop.eu\/de\/product\/soft-drencher\/","title":{"rendered":"Softdrencher"},"content":{"rendered":"","protected":false},"excerpt":{"rendered":"<p><strong>Ein flexibler und robuster Drencher\/Sonde. <\/strong><\/p>\n<p>Der Soft Drencher unterscheidet sich von anderen Sonden durch seinen d\u00fcnnen, flexiblen Schlauch. Mit einem Standard-Sauger l\u00e4sst sich die Sonde leicht befestigen und passt auf viele Nuckelflaschen, aber auch auf Erfrischungsgetr\u00e4nke- und PET-Flaschen. <\/p>\n<p>&nbsp;<\/p>\n<p>Die Biestmilch kann in den Flaschen gek\u00fchlt oder eingefroren werden. Sobald die Kuh kalbt, wird die Flasche in warmes Wasser gelegt, damit die Milch dem neugeborenen Kalb bei K\u00f6rpertemperatur gef\u00fcttert werden kann.<\/p>\n<p>Das Kalb schluckt die Sonde mit den zwei kleinen L\u00f6chern am Ende problemlos. Da der Schlauch weich und flexibel ist, leistet das Kalb kaum Widerstand, was f\u00fcr Mensch und Tier entspannter ist. Zur Kontrolle f\u00fchlen Sie an der linken Halsseite, ob die Sonde in der Speiser\u00f6hre und nicht in der Lunge liegt.  <\/p>\n<p>&nbsp;<\/p>\n<p>Der Schlauch selbst besteht aus robustem Material, sodass Sie bei einer Vielzahl von K\u00e4lbern Sondenf\u00fctterungen durchf\u00fchren k\u00f6nnen, ohne dass der Schlauch rau wird.<\/p>\n<p>Die Sonde ist 150 cm lang und hat einen Durchmesser von 12 mm. Das Schlauchende ist abgerundet und geschlossen; lediglich an der Seite befinden sich zwei kleine \u00d6ffnungen, durch die die Biestmilch flie\u00dfen kann. <\/p>\n<p>&nbsp;<\/p>\n<p><strong><iframe src=\"https:\/\/www.youtube.com\/embed\/U3th4aSjcF8\" width=\"425\" height=\"350\" frameborder=\"0\" data-mce-fragment=\"1\"><\/iframe><\/strong><\/p>\n","protected":false},"featured_media":6672,"template":"","meta":{"site-sidebar-layout":"default","site-content-layout":"","ast-site-content-layout":"default","site-content-style":"default","site-sidebar-style":"default","ast-global-header-display":"","ast-banner-title-visibility":"","ast-main-header-display":"","ast-hfb-above-header-display":"","ast-hfb-below-header-display":"","ast-hfb-mobile-header-display":"","site-post-title":"","ast-breadcrumbs-content":"","ast-featured-img":"","footer-sml-layout":"","ast-disable-related-posts":"","theme-transparent-header-meta":"","adv-header-id-meta":"","stick-header-meta":"","header-above-stick-meta":"","header-main-stick-meta":"","header-below-stick-meta":"","astra-migrate-meta-layouts":"default","ast-page-background-enabled":"default","ast-page-background-meta":{"desktop":{"background-color":"var(--ast-global-color-4)","background-image":"","background-repeat":"repeat","background-position":"center center","background-size":"auto","background-attachment":"scroll","background-type":"","background-media":"","overlay-type":"","overlay-color":"","overlay-opacity":"","overlay-gradient":""},"tablet":{"background-color":"","background-image":"","background-repeat":"repeat","background-position":"center center","background-size":"auto","background-attachment":"scroll","background-type":"","background-media":"","overlay-type":"","overlay-color":"","overlay-opacity":"","overlay-gradient":""},"mobile":{"background-color":"","background-image":"","background-repeat":"repeat","background-position":"center center","background-size":"auto","background-attachment":"scroll","background-type":"","background-media":"","overlay-type":"","overlay-color":"","overlay-opacity":"","overlay-gradient":""}},"ast-content-background-meta":{"desktop":{"background-color":"var(--ast-global-color-5)","background-image":"","background-repeat":"repeat","background-position":"center center","background-size":"auto","background-attachment":"scroll","background-type":"","background-media":"","overlay-type":"","overlay-color":"","overlay-opacity":"","overlay-gradient":""},"tablet":{"background-color":"var(--ast-global-color-5)","background-image":"","background-repeat":"repeat","background-position":"center center","background-size":"auto","background-attachment":"scroll","background-type":"","background-media":"","overlay-type":"","overlay-color":"","overlay-opacity":"","overlay-gradient":""},"mobile":{"background-color":"var(--ast-global-color-5)","background-image":"","background-repeat":"repeat","background-position":"center center","background-size":"auto","background-attachment":"scroll","background-type":"","background-media":"","overlay-type":"","overlay-color":"","overlay-opacity":"","overlay-gradient":""}}},"product_brand":[],"product_cat":[256,194],"product_tag":[],"class_list":{"0":"post-6671","1":"product","2":"type-product","3":"status-publish","4":"has-post-thumbnail","6":"product_cat-alle-produkten-3","7":"product_cat-flaschen-und-drencher","8":"desktop-align-center","9":"tablet-align-left","10":"mobile-align-left","11":"ast-product-gallery-layout-horizontal","12":"ast-product-tabs-layout-horizontal","14":"first","15":"instock","16":"taxable","17":"shipping-taxable","18":"purchasable","19":"product-type-simple"},"_links":{"self":[{"href":"https:\/\/dairytop.eu\/de\/wp-json\/wp\/v2\/product\/6671","targetHints":{"allow":["GET"]}}],"collection":[{"href":"https:\/\/dairytop.eu\/de\/wp-json\/wp\/v2\/product"}],"about":[{"href":"https:\/\/dairytop.eu\/de\/wp-json\/wp\/v2\/types\/product"}],"version-history":[{"count":2,"href":"https:\/\/dairytop.eu\/de\/wp-json\/wp\/v2\/product\/6671\/revisions"}],"predecessor-version":[{"id":10321,"href":"https:\/\/dairytop.eu\/de\/wp-json\/wp\/v2\/product\/6671\/revisions\/10321"}],"wp:featuredmedia":[{"embeddable":true,"href":"https:\/\/dairytop.eu\/de\/wp-json\/wp\/v2\/media\/6672"}],"wp:attachment":[{"href":"https:\/\/dairytop.eu\/de\/wp-json\/wp\/v2\/media?parent=6671"}],"wp:term":[{"taxonomy":"product_brand","embeddable":true,"href":"https:\/\/dairytop.eu\/de\/wp-json\/wp\/v2\/product_brand?post=6671"},{"taxonomy":"product_cat","embeddable":true,"href":"https:\/\/dairytop.eu\/de\/wp-json\/wp\/v2\/product_cat?post=6671"},{"taxonomy":"product_tag","embeddable":true,"href":"https:\/\/dairytop.eu\/de\/wp-json\/wp\/v2\/product_tag?post=6671"}],"curies":[{"name":"wp","href":"https:\/\/api.w.org\/{rel}","templated":true}]}}