{"id":6752,"date":"2026-02-11T15:28:37","date_gmt":"2026-02-11T14:28:37","guid":{"rendered":"https:\/\/new.dairytop.eu\/product\/kaelberdecke-premium-70-cm-oder-80-cm\/"},"modified":"2026-03-18T10:02:38","modified_gmt":"2026-03-18T09:02:38","slug":"kaelberdecke-premium-70-cm-oder-80-cm","status":"publish","type":"product","link":"https:\/\/dairytop.eu\/de\/product\/kaelberdecke-premium-70-cm-oder-80-cm\/","title":{"rendered":"K\u00e4lberdecke Premium (70 cm oder 80 cm)"},"content":{"rendered":"","protected":false},"excerpt":{"rendered":"<p>Die ersten Lebensstage sind entscheidend f\u00fcr die Wachstumsentwicklung eines Kalbes.<br \/>\nK\u00e4lber, die unter kalten Bedingungen zur Welt kommen, profitieren von K\u00e4lberdecken, um ihre K\u00f6rpertemperatur aufrechtzuerhalten.<br \/>\nEine gute K\u00e4lberdecke bietet Schutz bei kaltem, nassem und windigem Wetter.<br \/>\nDurch die bessere W\u00e4rmeregulierung erh\u00e4lt das Kalb eine h\u00f6here Widerstandskraft.<br \/>\nEine konstante K\u00f6rpertemperatur tr\u00e4gt zur Wachstumsentwicklung des Jungviehs bei.<br \/>\nDie Premium-K\u00e4lberdecke weist eine um 66 % h\u00f6here Wasserabweisung auf.<\/p>\n<ul>\n<li>Trocknet schnell durch das nat\u00fcrlich atmungsaktive Material. *<\/li>\n<li>Benutzerfreundlich. In wenigen Augenblicken anzubringen. <\/li>\n<li>Die K\u00e4lberdecke kann bis zu sechs Wochen nach der Geburt verwendet werden.<\/li>\n<li>Hergestellt aus rei\u00dffestem 600 Denier Polyurethan-Material mit Nylonb\u00e4ndern und Kunststoff-Klickverschluss.<\/li>\n<li>Waschbar bis 40 Grad.<\/li>\n<li>Lieferbar in 70 Zentimeter.<\/li>\n<li>H\u00f6here Wasserabweisung als die Standard-K\u00e4lberdecke.<\/li>\n<li>Waschbar und einfach im Gebrauch.<\/li>\n<li>Sch\u00fctzt Ihr neugeborenes Kalb vor pl\u00f6tzlichen Wetterumschw\u00fcngen!<\/li>\n<\/ul>\n<h6>Zusammenfassend: Sch\u00fctzt Ihr Kalb in den ersten 6 Wochen vor K\u00e4lte.<\/h6>\n","protected":false},"featured_media":6753,"template":"","meta":{"site-sidebar-layout":"default","site-content-layout":"","ast-site-content-layout":"default","site-content-style":"default","site-sidebar-style":"default","ast-global-header-display":"","ast-banner-title-visibility":"","ast-main-header-display":"","ast-hfb-above-header-display":"","ast-hfb-below-header-display":"","ast-hfb-mobile-header-display":"","site-post-title":"","ast-breadcrumbs-content":"","ast-featured-img":"","footer-sml-layout":"","ast-disable-related-posts":"","theme-transparent-header-meta":"","adv-header-id-meta":"","stick-header-meta":"","header-above-stick-meta":"","header-main-stick-meta":"","header-below-stick-meta":"","astra-migrate-meta-layouts":"default","ast-page-background-enabled":"default","ast-page-background-meta":{"desktop":{"background-color":"var(--ast-global-color-4)","background-image":"","background-repeat":"repeat","background-position":"center center","background-size":"auto","background-attachment":"scroll","background-type":"","background-media":"","overlay-type":"","overlay-color":"","overlay-opacity":"","overlay-gradient":""},"tablet":{"background-color":"","background-image":"","background-repeat":"repeat","background-position":"center center","background-size":"auto","background-attachment":"scroll","background-type":"","background-media":"","overlay-type":"","overlay-color":"","overlay-opacity":"","overlay-gradient":""},"mobile":{"background-color":"","background-image":"","background-repeat":"repeat","background-position":"center center","background-size":"auto","background-attachment":"scroll","background-type":"","background-media":"","overlay-type":"","overlay-color":"","overlay-opacity":"","overlay-gradient":""}},"ast-content-background-meta":{"desktop":{"background-color":"var(--ast-global-color-5)","background-image":"","background-repeat":"repeat","background-position":"center center","background-size":"auto","background-attachment":"scroll","background-type":"","background-media":"","overlay-type":"","overlay-color":"","overlay-opacity":"","overlay-gradient":""},"tablet":{"background-color":"var(--ast-global-color-5)","background-image":"","background-repeat":"repeat","background-position":"center center","background-size":"auto","background-attachment":"scroll","background-type":"","background-media":"","overlay-type":"","overlay-color":"","overlay-opacity":"","overlay-gradient":""},"mobile":{"background-color":"var(--ast-global-color-5)","background-image":"","background-repeat":"repeat","background-position":"center center","background-size":"auto","background-attachment":"scroll","background-type":"","background-media":"","overlay-type":"","overlay-color":"","overlay-opacity":"","overlay-gradient":""}}},"product_brand":[],"product_cat":[130,62,59],"product_tag":[79],"class_list":{"0":"post-6752","1":"product","2":"type-product","3":"status-publish","4":"has-post-thumbnail","6":"product_cat-alle-produkten","7":"product_cat-alle-producten","8":"product_cat-kalverdekjes","9":"product_tag-dynamic","10":"desktop-align-center","11":"tablet-align-left","12":"mobile-align-left","13":"ast-product-gallery-layout-horizontal","14":"ast-product-gallery-with-no-image","15":"ast-product-single-variable","16":"ast-product-tabs-layout-horizontal","18":"first","19":"instock","20":"taxable","21":"shipping-taxable","22":"purchasable","23":"product-type-variable"},"_links":{"self":[{"href":"https:\/\/dairytop.eu\/de\/wp-json\/wp\/v2\/product\/6752","targetHints":{"allow":["GET"]}}],"collection":[{"href":"https:\/\/dairytop.eu\/de\/wp-json\/wp\/v2\/product"}],"about":[{"href":"https:\/\/dairytop.eu\/de\/wp-json\/wp\/v2\/types\/product"}],"version-history":[{"count":1,"href":"https:\/\/dairytop.eu\/de\/wp-json\/wp\/v2\/product\/6752\/revisions"}],"predecessor-version":[{"id":8666,"href":"https:\/\/dairytop.eu\/de\/wp-json\/wp\/v2\/product\/6752\/revisions\/8666"}],"wp:featuredmedia":[{"embeddable":true,"href":"https:\/\/dairytop.eu\/de\/wp-json\/wp\/v2\/media\/6753"}],"wp:attachment":[{"href":"https:\/\/dairytop.eu\/de\/wp-json\/wp\/v2\/media?parent=6752"}],"wp:term":[{"taxonomy":"product_brand","embeddable":true,"href":"https:\/\/dairytop.eu\/de\/wp-json\/wp\/v2\/product_brand?post=6752"},{"taxonomy":"product_cat","embeddable":true,"href":"https:\/\/dairytop.eu\/de\/wp-json\/wp\/v2\/product_cat?post=6752"},{"taxonomy":"product_tag","embeddable":true,"href":"https:\/\/dairytop.eu\/de\/wp-json\/wp\/v2\/product_tag?post=6752"}],"curies":[{"name":"wp","href":"https:\/\/api.w.org\/{rel}","templated":true}]}}