{"id":6770,"date":"2026-02-11T15:28:06","date_gmt":"2026-02-11T14:28:06","guid":{"rendered":"https:\/\/new.dairytop.eu\/product\/digitale-haengewaage-bis-50-kg\/"},"modified":"2026-03-18T10:02:38","modified_gmt":"2026-03-18T09:02:38","slug":"digitale-haengewaage-bis-50-kg","status":"publish","type":"product","link":"https:\/\/dairytop.eu\/de\/product\/digitale-haengewaage-bis-50-kg\/","title":{"rendered":"Digitale H\u00e4ngewaage bis 50 kg"},"content":{"rendered":"","protected":false},"excerpt":{"rendered":"<p>Kompakte und robuste H\u00e4ngewaage f\u00fcr schnelles, einfaches und zuverl\u00e4ssiges Messen bei jeder nicht eichpflichtigen W\u00e4gung. Hohe Genauigkeit. <\/p>\n<p>Spezifikationen:<\/p>\n<ul>\n<li>mit ausziehbarem Ma\u00dfband (L\u00e4nge 100 cm)<\/li>\n<li>automatische Abschaltung<\/li>\n<li>Data-Hold-Funktion<\/li>\n<li>Anzeige umschaltbar: kg \/ lb \/ oz \/ \u00b0C<\/li>\n<li>Genauigkeitsklasse: OIML III<\/li>\n<li>Display: 4-stellig, 15 mm LCD-Ziffernh\u00f6he<\/li>\n<li>Genauigkeit: 20 g<\/li>\n<li>W\u00e4gebereich von 0,4 bis 50 kg<\/li>\n<li>Temperaturbest\u00e4ndigkeit: 0 bis +40 \u00b0C<\/li>\n<li>Lieferung inklusive Batterien 2 x 3 V Lithium-Knopfzelle<\/li>\n<\/ul>\n","protected":false},"featured_media":6771,"template":"","meta":{"site-sidebar-layout":"default","site-content-layout":"","ast-site-content-layout":"default","site-content-style":"default","site-sidebar-style":"default","ast-global-header-display":"","ast-banner-title-visibility":"","ast-main-header-display":"","ast-hfb-above-header-display":"","ast-hfb-below-header-display":"","ast-hfb-mobile-header-display":"","site-post-title":"","ast-breadcrumbs-content":"","ast-featured-img":"","footer-sml-layout":"","ast-disable-related-posts":"","theme-transparent-header-meta":"","adv-header-id-meta":"","stick-header-meta":"","header-above-stick-meta":"","header-main-stick-meta":"","header-below-stick-meta":"","astra-migrate-meta-layouts":"default","ast-page-background-enabled":"default","ast-page-background-meta":{"desktop":{"background-color":"var(--ast-global-color-4)","background-image":"","background-repeat":"repeat","background-position":"center center","background-size":"auto","background-attachment":"scroll","background-type":"","background-media":"","overlay-type":"","overlay-color":"","overlay-opacity":"","overlay-gradient":""},"tablet":{"background-color":"","background-image":"","background-repeat":"repeat","background-position":"center center","background-size":"auto","background-attachment":"scroll","background-type":"","background-media":"","overlay-type":"","overlay-color":"","overlay-opacity":"","overlay-gradient":""},"mobile":{"background-color":"","background-image":"","background-repeat":"repeat","background-position":"center center","background-size":"auto","background-attachment":"scroll","background-type":"","background-media":"","overlay-type":"","overlay-color":"","overlay-opacity":"","overlay-gradient":""}},"ast-content-background-meta":{"desktop":{"background-color":"var(--ast-global-color-5)","background-image":"","background-repeat":"repeat","background-position":"center center","background-size":"auto","background-attachment":"scroll","background-type":"","background-media":"","overlay-type":"","overlay-color":"","overlay-opacity":"","overlay-gradient":""},"tablet":{"background-color":"var(--ast-global-color-5)","background-image":"","background-repeat":"repeat","background-position":"center center","background-size":"auto","background-attachment":"scroll","background-type":"","background-media":"","overlay-type":"","overlay-color":"","overlay-opacity":"","overlay-gradient":""},"mobile":{"background-color":"var(--ast-global-color-5)","background-image":"","background-repeat":"repeat","background-position":"center center","background-size":"auto","background-attachment":"scroll","background-type":"","background-media":"","overlay-type":"","overlay-color":"","overlay-opacity":"","overlay-gradient":""}}},"product_brand":[],"product_cat":[130,62,81],"product_tag":[],"class_list":{"0":"post-6770","1":"product","2":"type-product","3":"status-publish","4":"has-post-thumbnail","6":"product_cat-alle-produkten","7":"product_cat-alle-producten","8":"product_cat-overige-artikelen","9":"desktop-align-center","10":"tablet-align-left","11":"mobile-align-left","12":"ast-product-gallery-layout-horizontal","13":"ast-product-gallery-with-no-image","14":"ast-product-tabs-layout-horizontal","16":"first","17":"instock","18":"taxable","19":"shipping-taxable","20":"purchasable","21":"product-type-simple"},"_links":{"self":[{"href":"https:\/\/dairytop.eu\/de\/wp-json\/wp\/v2\/product\/6770","targetHints":{"allow":["GET"]}}],"collection":[{"href":"https:\/\/dairytop.eu\/de\/wp-json\/wp\/v2\/product"}],"about":[{"href":"https:\/\/dairytop.eu\/de\/wp-json\/wp\/v2\/types\/product"}],"version-history":[{"count":1,"href":"https:\/\/dairytop.eu\/de\/wp-json\/wp\/v2\/product\/6770\/revisions"}],"predecessor-version":[{"id":8672,"href":"https:\/\/dairytop.eu\/de\/wp-json\/wp\/v2\/product\/6770\/revisions\/8672"}],"wp:featuredmedia":[{"embeddable":true,"href":"https:\/\/dairytop.eu\/de\/wp-json\/wp\/v2\/media\/6771"}],"wp:attachment":[{"href":"https:\/\/dairytop.eu\/de\/wp-json\/wp\/v2\/media?parent=6770"}],"wp:term":[{"taxonomy":"product_brand","embeddable":true,"href":"https:\/\/dairytop.eu\/de\/wp-json\/wp\/v2\/product_brand?post=6770"},{"taxonomy":"product_cat","embeddable":true,"href":"https:\/\/dairytop.eu\/de\/wp-json\/wp\/v2\/product_cat?post=6770"},{"taxonomy":"product_tag","embeddable":true,"href":"https:\/\/dairytop.eu\/de\/wp-json\/wp\/v2\/product_tag?post=6770"}],"curies":[{"name":"wp","href":"https:\/\/api.w.org\/{rel}","templated":true}]}}