{"id":6798,"date":"2026-02-11T15:27:34","date_gmt":"2026-02-11T14:27:34","guid":{"rendered":"https:\/\/new.dairytop.eu\/product\/kaelberdecke-70-cm-80-cm\/"},"modified":"2026-03-18T10:02:41","modified_gmt":"2026-03-18T09:02:41","slug":"kaelberdecke-70-cm-80-cm","status":"publish","type":"product","link":"https:\/\/dairytop.eu\/de\/product\/kaelberdecke-70-cm-80-cm\/","title":{"rendered":"K\u00e4lberdecke 70 cm \/ 80 cm"},"content":{"rendered":"","protected":false},"excerpt":{"rendered":"<p>K\u00e4lberdecke Ripstop 70 oder 80 cm<\/p>\n<div>\n<ul>\n<li> unterst\u00fctzt das Immunsystem in den ersten Tagen und beugt Durchfall sowie anderen Gesundheitsproblemen vor<\/li>\n<li> Schutz bei pl\u00f6tzlichen Wetterumschw\u00fcngen<\/li>\n<li>bei Temperaturen unter 10 \u00b0C steigt das Krankheitsrisiko; vermeiden Sie daher K\u00e4ltestress bei neugeborenen K\u00e4lbern<\/li>\n<li>die K\u00e4lber tragen die Decke meist 3 bis 4 Wochen, bei Bedarf auch l\u00e4nger<\/li>\n<li>Obermaterial aus rei\u00dffestem 600 Denier Polyester-Ripstop<\/li>\n<li>mit Nylonriemen und Kunststoff-Klickverschl\u00fcssen<\/li>\n<li>wasserdicht bis 3.000 mm Wassers\u00e4ule<\/li>\n<li>atmungsaktive Eigenschaften verhindern \u00fcberm\u00e4\u00dfiges Schwitzen (3.000 g\/m\u00b2 \/ 24 h)<\/li>\n<li>waschbar bis 30 \u00b0C<\/li>\n<\/ul>\n<p><strong>Nicht f\u00fcr die Gruppenhaltung in Gruppeniglus geeignet<\/strong><\/p>\n<\/div>\n","protected":false},"featured_media":6799,"template":"","meta":{"site-sidebar-layout":"default","site-content-layout":"","ast-site-content-layout":"default","site-content-style":"default","site-sidebar-style":"default","ast-global-header-display":"","ast-banner-title-visibility":"","ast-main-header-display":"","ast-hfb-above-header-display":"","ast-hfb-below-header-display":"","ast-hfb-mobile-header-display":"","site-post-title":"","ast-breadcrumbs-content":"","ast-featured-img":"","footer-sml-layout":"","ast-disable-related-posts":"","theme-transparent-header-meta":"","adv-header-id-meta":"","stick-header-meta":"","header-above-stick-meta":"","header-main-stick-meta":"","header-below-stick-meta":"","astra-migrate-meta-layouts":"default","ast-page-background-enabled":"default","ast-page-background-meta":{"desktop":{"background-color":"var(--ast-global-color-4)","background-image":"","background-repeat":"repeat","background-position":"center center","background-size":"auto","background-attachment":"scroll","background-type":"","background-media":"","overlay-type":"","overlay-color":"","overlay-opacity":"","overlay-gradient":""},"tablet":{"background-color":"","background-image":"","background-repeat":"repeat","background-position":"center center","background-size":"auto","background-attachment":"scroll","background-type":"","background-media":"","overlay-type":"","overlay-color":"","overlay-opacity":"","overlay-gradient":""},"mobile":{"background-color":"","background-image":"","background-repeat":"repeat","background-position":"center center","background-size":"auto","background-attachment":"scroll","background-type":"","background-media":"","overlay-type":"","overlay-color":"","overlay-opacity":"","overlay-gradient":""}},"ast-content-background-meta":{"desktop":{"background-color":"var(--ast-global-color-5)","background-image":"","background-repeat":"repeat","background-position":"center center","background-size":"auto","background-attachment":"scroll","background-type":"","background-media":"","overlay-type":"","overlay-color":"","overlay-opacity":"","overlay-gradient":""},"tablet":{"background-color":"var(--ast-global-color-5)","background-image":"","background-repeat":"repeat","background-position":"center center","background-size":"auto","background-attachment":"scroll","background-type":"","background-media":"","overlay-type":"","overlay-color":"","overlay-opacity":"","overlay-gradient":""},"mobile":{"background-color":"var(--ast-global-color-5)","background-image":"","background-repeat":"repeat","background-position":"center center","background-size":"auto","background-attachment":"scroll","background-type":"","background-media":"","overlay-type":"","overlay-color":"","overlay-opacity":"","overlay-gradient":""}}},"product_brand":[],"product_cat":[130,62,59],"product_tag":[79],"class_list":{"0":"post-6798","1":"product","2":"type-product","3":"status-publish","4":"has-post-thumbnail","6":"product_cat-alle-produkten","7":"product_cat-alle-producten","8":"product_cat-kalverdekjes","9":"product_tag-dynamic","10":"desktop-align-center","11":"tablet-align-left","12":"mobile-align-left","13":"ast-product-gallery-layout-horizontal","14":"ast-product-gallery-with-no-image","15":"ast-product-tabs-layout-horizontal","17":"first","18":"instock","19":"taxable","20":"shipping-taxable","21":"purchasable","22":"product-type-simple"},"_links":{"self":[{"href":"https:\/\/dairytop.eu\/de\/wp-json\/wp\/v2\/product\/6798","targetHints":{"allow":["GET"]}}],"collection":[{"href":"https:\/\/dairytop.eu\/de\/wp-json\/wp\/v2\/product"}],"about":[{"href":"https:\/\/dairytop.eu\/de\/wp-json\/wp\/v2\/types\/product"}],"version-history":[{"count":1,"href":"https:\/\/dairytop.eu\/de\/wp-json\/wp\/v2\/product\/6798\/revisions"}],"predecessor-version":[{"id":8198,"href":"https:\/\/dairytop.eu\/de\/wp-json\/wp\/v2\/product\/6798\/revisions\/8198"}],"wp:featuredmedia":[{"embeddable":true,"href":"https:\/\/dairytop.eu\/de\/wp-json\/wp\/v2\/media\/6799"}],"wp:attachment":[{"href":"https:\/\/dairytop.eu\/de\/wp-json\/wp\/v2\/media?parent=6798"}],"wp:term":[{"taxonomy":"product_brand","embeddable":true,"href":"https:\/\/dairytop.eu\/de\/wp-json\/wp\/v2\/product_brand?post=6798"},{"taxonomy":"product_cat","embeddable":true,"href":"https:\/\/dairytop.eu\/de\/wp-json\/wp\/v2\/product_cat?post=6798"},{"taxonomy":"product_tag","embeddable":true,"href":"https:\/\/dairytop.eu\/de\/wp-json\/wp\/v2\/product_tag?post=6798"}],"curies":[{"name":"wp","href":"https:\/\/api.w.org\/{rel}","templated":true}]}}