{"id":6814,"date":"2026-02-11T15:27:32","date_gmt":"2026-02-11T14:27:32","guid":{"rendered":"https:\/\/new.dairytop.eu\/product\/waermelampe-5-m-kabel-250-w\/"},"modified":"2026-03-18T10:02:42","modified_gmt":"2026-03-18T09:02:42","slug":"waermelampe-5-m-kabel-250-w","status":"publish","type":"product","link":"https:\/\/dairytop.eu\/de\/product\/waermelampe-5-m-kabel-250-w\/","title":{"rendered":"W\u00e4rmelampe 5 m Kabel 250 W"},"content":{"rendered":"","protected":false},"excerpt":{"rendered":"<p>Eine komplette Armatur zum Warmhalten von Tieren.<br \/>\nDie Armatur besteht aus einem Aluminiumschirm mit einer Keramikfassung (E27), die mit einem Silikonring f\u00fcr einen wasserdichten Verschluss der Fassung und einem extra langen Schutzkorb ausgestattet ist.<br \/>\nDiese Armatur verf\u00fcgt \u00fcber 12 Luftl\u00f6cher f\u00fcr eine optimale Luftzirkulation und eine l\u00e4ngere Lebensdauer.<br \/>\nMit der mitgelieferten 2 Meter langen Kette und dem Aufh\u00e4ngehaken kann die Armatur aufgeh\u00e4ngt werden (maximale Tragkraft 20 kg).<\/p>\n<p>Spezifikationen:<br \/>\n\u2013 Bis max. 250 Watt<br \/>\n\u2013 230 Volt<br \/>\n\u2013 Ausgestattet mit 12 Luftl\u00f6chern<br \/>\n\u2013 Kabell\u00e4nge: 5 Meter<br \/>\n\u2013 Durchmesser Aluminiumschirm: 21 cm<br \/>\n\u2013 Lieferung erfolgt ohne Leuchtmittel<\/p>\n","protected":false},"featured_media":6815,"template":"","meta":{"site-sidebar-layout":"default","site-content-layout":"","ast-site-content-layout":"default","site-content-style":"default","site-sidebar-style":"default","ast-global-header-display":"","ast-banner-title-visibility":"","ast-main-header-display":"","ast-hfb-above-header-display":"","ast-hfb-below-header-display":"","ast-hfb-mobile-header-display":"","site-post-title":"","ast-breadcrumbs-content":"","ast-featured-img":"","footer-sml-layout":"","ast-disable-related-posts":"","theme-transparent-header-meta":"","adv-header-id-meta":"","stick-header-meta":"","header-above-stick-meta":"","header-main-stick-meta":"","header-below-stick-meta":"","astra-migrate-meta-layouts":"default","ast-page-background-enabled":"default","ast-page-background-meta":{"desktop":{"background-color":"var(--ast-global-color-4)","background-image":"","background-repeat":"repeat","background-position":"center center","background-size":"auto","background-attachment":"scroll","background-type":"","background-media":"","overlay-type":"","overlay-color":"","overlay-opacity":"","overlay-gradient":""},"tablet":{"background-color":"","background-image":"","background-repeat":"repeat","background-position":"center center","background-size":"auto","background-attachment":"scroll","background-type":"","background-media":"","overlay-type":"","overlay-color":"","overlay-opacity":"","overlay-gradient":""},"mobile":{"background-color":"","background-image":"","background-repeat":"repeat","background-position":"center center","background-size":"auto","background-attachment":"scroll","background-type":"","background-media":"","overlay-type":"","overlay-color":"","overlay-opacity":"","overlay-gradient":""}},"ast-content-background-meta":{"desktop":{"background-color":"var(--ast-global-color-5)","background-image":"","background-repeat":"repeat","background-position":"center center","background-size":"auto","background-attachment":"scroll","background-type":"","background-media":"","overlay-type":"","overlay-color":"","overlay-opacity":"","overlay-gradient":""},"tablet":{"background-color":"var(--ast-global-color-5)","background-image":"","background-repeat":"repeat","background-position":"center center","background-size":"auto","background-attachment":"scroll","background-type":"","background-media":"","overlay-type":"","overlay-color":"","overlay-opacity":"","overlay-gradient":""},"mobile":{"background-color":"var(--ast-global-color-5)","background-image":"","background-repeat":"repeat","background-position":"center center","background-size":"auto","background-attachment":"scroll","background-type":"","background-media":"","overlay-type":"","overlay-color":"","overlay-opacity":"","overlay-gradient":""}}},"product_brand":[],"product_cat":[130,256,288],"product_tag":[],"class_list":{"0":"post-6814","1":"product","2":"type-product","3":"status-publish","4":"has-post-thumbnail","6":"product_cat-alle-produkten","7":"product_cat-alle-produkten-3","8":"product_cat-warmelampen","9":"desktop-align-center","10":"tablet-align-left","11":"mobile-align-left","12":"ast-product-gallery-layout-horizontal","13":"ast-product-gallery-with-no-image","14":"ast-product-tabs-layout-horizontal","16":"first","17":"instock","18":"taxable","19":"shipping-taxable","20":"purchasable","21":"product-type-simple"},"_links":{"self":[{"href":"https:\/\/dairytop.eu\/de\/wp-json\/wp\/v2\/product\/6814","targetHints":{"allow":["GET"]}}],"collection":[{"href":"https:\/\/dairytop.eu\/de\/wp-json\/wp\/v2\/product"}],"about":[{"href":"https:\/\/dairytop.eu\/de\/wp-json\/wp\/v2\/types\/product"}],"version-history":[{"count":1,"href":"https:\/\/dairytop.eu\/de\/wp-json\/wp\/v2\/product\/6814\/revisions"}],"predecessor-version":[{"id":8686,"href":"https:\/\/dairytop.eu\/de\/wp-json\/wp\/v2\/product\/6814\/revisions\/8686"}],"wp:featuredmedia":[{"embeddable":true,"href":"https:\/\/dairytop.eu\/de\/wp-json\/wp\/v2\/media\/6815"}],"wp:attachment":[{"href":"https:\/\/dairytop.eu\/de\/wp-json\/wp\/v2\/media?parent=6814"}],"wp:term":[{"taxonomy":"product_brand","embeddable":true,"href":"https:\/\/dairytop.eu\/de\/wp-json\/wp\/v2\/product_brand?post=6814"},{"taxonomy":"product_cat","embeddable":true,"href":"https:\/\/dairytop.eu\/de\/wp-json\/wp\/v2\/product_cat?post=6814"},{"taxonomy":"product_tag","embeddable":true,"href":"https:\/\/dairytop.eu\/de\/wp-json\/wp\/v2\/product_tag?post=6814"}],"curies":[{"name":"wp","href":"https:\/\/api.w.org\/{rel}","templated":true}]}}