{"id":6821,"date":"2026-02-11T16:21:31","date_gmt":"2026-02-11T15:21:31","guid":{"rendered":"https:\/\/new.dairytop.eu\/product\/pro-elite-60\/"},"modified":"2026-03-18T10:02:30","modified_gmt":"2026-03-18T09:02:30","slug":"pro-elite-60","status":"publish","type":"product","link":"https:\/\/dairytop.eu\/de\/product\/pro-elite-60\/","title":{"rendered":"Pro Elite 60"},"content":{"rendered":"<p><strong>Produkteigenschaften:<\/strong><\/p>\n<ul>\n<li>60 % Magermilchpulver<\/li>\n<li>Beste am Markt verf\u00fcgbare Rohstoffe<\/li>\n<li>Optimale Fettzusammensetzung durch Zusatz hochwertiger Probiotika<\/li>\n<li>Hoher Anteil an Probiotika zur zus\u00e4tzlichen Unterst\u00fctzung der Darmgesundheit<\/li>\n<li>Gute L\u00f6slichkeit<\/li>\n<li>Sehr leicht verdaulich<\/li>\n<li>Hohe Wachstumsraten<\/li>\n<li>Geeignet f\u00fcr die Vorratsf\u00fctterung<\/li>\n<\/ul>\n","protected":false},"excerpt":{"rendered":"<p><strong>Pro Elite 60 ist das hochwertigste und leistungsst\u00e4rkste Milchpulver im Dairytop-Sortiment f\u00fcr ein schnelles, optimales Wachstum Ihrer K\u00e4lber.<br \/>\n<\/strong><br \/>\nDieses Milchpulver enth\u00e4lt 60 % des besten am Markt verf\u00fcgbaren Magermilchpulvers.<br \/>\nDurch den Zusatz von Lein\u00f6l wird eine einzigartige Fettzusammensetzung erreicht, die f\u00fcr ein gl\u00e4nzendes Fell und eine gute Darmgesundheit sorgt. Die sorgf\u00e4ltig ausgew\u00e4hlten Rohstoffe bieten eine schmackhafte und sehr gut l\u00f6sliche Milch. Der hohe Anteil an Probiotika unterst\u00fctzt eine gesunde Darmflora und erh\u00f6ht die Widerstandskraft gegen Krankheitskeime.  <\/p>\n<table id=\"product-attribute-specs-table\" class=\"data-table\">\n<tbody>\n<tr class=\"first odd\">\n<th class=\"label\">Gewicht<\/th>\n<td class=\"data last\">25 kg pro Sack<\/td>\n<\/tr>\n<tr class=\"even\">\n<th class=\"label\">Rohprotein<\/th>\n<td class=\"data last\">24,0 %<\/td>\n<\/tr>\n<tr class=\"odd\">\n<th class=\"label\">Rohfett<\/th>\n<td class=\"data last\">18,5 %<\/td>\n<\/tr>\n<tr class=\"even\">\n<th class=\"label\">Rohfaser<\/th>\n<td class=\"data last\">0,02 %<\/td>\n<\/tr>\n<tr class=\"odd\">\n<th class=\"label\">Rohasche<\/th>\n<td class=\"data last\">8,0 %<\/td>\n<\/tr>\n<tr class=\"last even\">\n<th class=\"label\">Magermilchpulver<\/th>\n<td class=\"data last\">60,0 %<\/td>\n<\/tr>\n<\/tbody>\n<\/table>\n","protected":false},"featured_media":10787,"template":"","meta":{"site-sidebar-layout":"default","site-content-layout":"","ast-site-content-layout":"default","site-content-style":"default","site-sidebar-style":"default","ast-global-header-display":"","ast-banner-title-visibility":"","ast-main-header-display":"","ast-hfb-above-header-display":"","ast-hfb-below-header-display":"","ast-hfb-mobile-header-display":"","site-post-title":"","ast-breadcrumbs-content":"","ast-featured-img":"","footer-sml-layout":"","ast-disable-related-posts":"","theme-transparent-header-meta":"default","adv-header-id-meta":"","stick-header-meta":"default","header-above-stick-meta":"","header-main-stick-meta":"","header-below-stick-meta":"","astra-migrate-meta-layouts":"default","ast-page-background-enabled":"default","ast-page-background-meta":{"desktop":{"background-color":"var(--ast-global-color-4)","background-image":"","background-repeat":"repeat","background-position":"center center","background-size":"auto","background-attachment":"scroll","background-type":"","background-media":"","overlay-type":"","overlay-color":"","overlay-opacity":"","overlay-gradient":""},"tablet":{"background-color":"","background-image":"","background-repeat":"repeat","background-position":"center center","background-size":"auto","background-attachment":"scroll","background-type":"","background-media":"","overlay-type":"","overlay-color":"","overlay-opacity":"","overlay-gradient":""},"mobile":{"background-color":"","background-image":"","background-repeat":"repeat","background-position":"center center","background-size":"auto","background-attachment":"scroll","background-type":"","background-media":"","overlay-type":"","overlay-color":"","overlay-opacity":"","overlay-gradient":""}},"ast-content-background-meta":{"desktop":{"background-color":"var(--ast-global-color-5)","background-image":"","background-repeat":"repeat","background-position":"center center","background-size":"auto","background-attachment":"scroll","background-type":"","background-media":"","overlay-type":"","overlay-color":"","overlay-opacity":"","overlay-gradient":""},"tablet":{"background-color":"var(--ast-global-color-5)","background-image":"","background-repeat":"repeat","background-position":"center center","background-size":"auto","background-attachment":"scroll","background-type":"","background-media":"","overlay-type":"","overlay-color":"","overlay-opacity":"","overlay-gradient":""},"mobile":{"background-color":"var(--ast-global-color-5)","background-image":"","background-repeat":"repeat","background-position":"center center","background-size":"auto","background-attachment":"scroll","background-type":"","background-media":"","overlay-type":"","overlay-color":"","overlay-opacity":"","overlay-gradient":""}}},"product_brand":[],"product_cat":[256,204,266],"product_tag":[],"class_list":{"0":"post-6821","1":"product","2":"type-product","3":"status-publish","4":"has-post-thumbnail","6":"product_cat-alle-produkten-3","7":"product_cat-kalberfutterung","8":"product_cat-milchpulver","9":"desktop-align-center","10":"tablet-align-left","11":"mobile-align-left","12":"ast-product-gallery-layout-horizontal","13":"ast-product-tabs-layout-horizontal","15":"first","16":"instock","17":"taxable","18":"shipping-taxable","19":"product-type-simple"},"_links":{"self":[{"href":"https:\/\/dairytop.eu\/de\/wp-json\/wp\/v2\/product\/6821","targetHints":{"allow":["GET"]}}],"collection":[{"href":"https:\/\/dairytop.eu\/de\/wp-json\/wp\/v2\/product"}],"about":[{"href":"https:\/\/dairytop.eu\/de\/wp-json\/wp\/v2\/types\/product"}],"version-history":[{"count":1,"href":"https:\/\/dairytop.eu\/de\/wp-json\/wp\/v2\/product\/6821\/revisions"}],"predecessor-version":[{"id":7803,"href":"https:\/\/dairytop.eu\/de\/wp-json\/wp\/v2\/product\/6821\/revisions\/7803"}],"wp:featuredmedia":[{"embeddable":true,"href":"https:\/\/dairytop.eu\/de\/wp-json\/wp\/v2\/media\/10787"}],"wp:attachment":[{"href":"https:\/\/dairytop.eu\/de\/wp-json\/wp\/v2\/media?parent=6821"}],"wp:term":[{"taxonomy":"product_brand","embeddable":true,"href":"https:\/\/dairytop.eu\/de\/wp-json\/wp\/v2\/product_brand?post=6821"},{"taxonomy":"product_cat","embeddable":true,"href":"https:\/\/dairytop.eu\/de\/wp-json\/wp\/v2\/product_cat?post=6821"},{"taxonomy":"product_tag","embeddable":true,"href":"https:\/\/dairytop.eu\/de\/wp-json\/wp\/v2\/product_tag?post=6821"}],"curies":[{"name":"wp","href":"https:\/\/api.w.org\/{rel}","templated":true}]}}