{"id":6836,"date":"2026-02-11T16:29:39","date_gmt":"2026-02-11T15:29:39","guid":{"rendered":"https:\/\/new.dairytop.eu\/product\/pro-elite-40-2\/"},"modified":"2026-03-18T10:01:32","modified_gmt":"2026-03-18T09:01:32","slug":"pro-elite-40-2","status":"publish","type":"product","link":"https:\/\/dairytop.eu\/de\/product\/pro-elite-40-2\/","title":{"rendered":"Pro Elite 40"},"content":{"rendered":"<p><strong>Produkteigenschaften:<\/strong><\/p>\n<ul>\n<li>40 % Low-Heat-Magermilchpulver.<\/li>\n<li>Sehr gute L\u00f6slichkeit und Verdaulichkeit.<\/li>\n<li>Hoher Probiotika-Gehalt.<\/li>\n<li>Sehr gut verdauliche Fette (Butter\u00f6l, Lein\u00f6l, Kokosfett).<\/li>\n<\/ul>\n","protected":false},"excerpt":{"rendered":"<p><strong>Pro Elite 40 ist ein K\u00e4lbermilchaustauscher auf Basis von 40 % Magermilchpulver. Die sorgf\u00e4ltig ausgew\u00e4hlten Milchpulver-Rohstoffe wurden bei niedriger Hitze eingedampft, was eine hohe Verdaulichkeit garantiert. <\/strong><\/p>\n<p>Das Produkt zeichnet sich durch seine Schmackhaftigkeit und gute Verdaulichkeit aus. Die richtige Kombination von Rohstoffen und ausgewogenen Fetten sorgt f\u00fcr ein hervorragendes Wachstum und sch\u00f6ne, gl\u00e4nzende K\u00e4lber. Der hohe Anteil an Probiotika f\u00f6rdert die Darmgesundheit und unterdr\u00fcckt das Wachstum negativer Bakterien.  <\/p>\n<table>\n<tbody>\n<tr>\n<td><strong>Gewicht<\/strong><\/td>\n<td>25 kg pro Sack<\/td>\n<\/tr>\n<tr>\n<td><strong>Rohprotein<\/strong><\/td>\n<td>22,5 %<\/td>\n<\/tr>\n<tr>\n<td><strong>Rohfett<\/strong><\/td>\n<td>18,0 %<\/td>\n<\/tr>\n<tr>\n<td><strong>Rohfaser<\/strong><\/td>\n<td>0,02 %<\/td>\n<\/tr>\n<tr>\n<td><strong>Rohasche<\/strong><\/td>\n<td>7,5 %<\/td>\n<\/tr>\n<tr>\n<td><strong>Lysin<\/strong><\/td>\n<td>1,9 %<\/td>\n<\/tr>\n<tr>\n<td><strong>Calcium<\/strong><\/td>\n<td>0,7 %<\/td>\n<\/tr>\n<tr>\n<td><strong>Phosphor<\/strong><\/td>\n<td>0,8 %<\/td>\n<\/tr>\n<tr>\n<td><strong>Natrium<\/strong><\/td>\n<td>0,5 %<\/td>\n<\/tr>\n<tr>\n<td><strong>Magermilchpulver<\/strong><\/td>\n<td>30,0 %<\/td>\n<\/tr>\n<tr>\n<td><strong>Energie<\/strong><\/td>\n<td>18,0 MJ\/kg<\/td>\n<\/tr>\n<tr>\n<td><strong>pH-Wert<\/strong><\/td>\n<td>5,8\u20136,2<\/td>\n<\/tr>\n<\/tbody>\n<\/table>\n","protected":false},"featured_media":5858,"template":"","meta":{"site-sidebar-layout":"default","site-content-layout":"","ast-site-content-layout":"default","site-content-style":"default","site-sidebar-style":"default","ast-global-header-display":"","ast-banner-title-visibility":"","ast-main-header-display":"","ast-hfb-above-header-display":"","ast-hfb-below-header-display":"","ast-hfb-mobile-header-display":"","site-post-title":"","ast-breadcrumbs-content":"","ast-featured-img":"","footer-sml-layout":"","ast-disable-related-posts":"","theme-transparent-header-meta":"default","adv-header-id-meta":"","stick-header-meta":"default","header-above-stick-meta":"","header-main-stick-meta":"","header-below-stick-meta":"","astra-migrate-meta-layouts":"default","ast-page-background-enabled":"default","ast-page-background-meta":{"desktop":{"background-color":"var(--ast-global-color-4)","background-image":"","background-repeat":"repeat","background-position":"center center","background-size":"auto","background-attachment":"scroll","background-type":"","background-media":"","overlay-type":"","overlay-color":"","overlay-opacity":"","overlay-gradient":""},"tablet":{"background-color":"","background-image":"","background-repeat":"repeat","background-position":"center center","background-size":"auto","background-attachment":"scroll","background-type":"","background-media":"","overlay-type":"","overlay-color":"","overlay-opacity":"","overlay-gradient":""},"mobile":{"background-color":"","background-image":"","background-repeat":"repeat","background-position":"center center","background-size":"auto","background-attachment":"scroll","background-type":"","background-media":"","overlay-type":"","overlay-color":"","overlay-opacity":"","overlay-gradient":""}},"ast-content-background-meta":{"desktop":{"background-color":"var(--ast-global-color-5)","background-image":"","background-repeat":"repeat","background-position":"center center","background-size":"auto","background-attachment":"scroll","background-type":"","background-media":"","overlay-type":"","overlay-color":"","overlay-opacity":"","overlay-gradient":""},"tablet":{"background-color":"var(--ast-global-color-5)","background-image":"","background-repeat":"repeat","background-position":"center center","background-size":"auto","background-attachment":"scroll","background-type":"","background-media":"","overlay-type":"","overlay-color":"","overlay-opacity":"","overlay-gradient":""},"mobile":{"background-color":"var(--ast-global-color-5)","background-image":"","background-repeat":"repeat","background-position":"center center","background-size":"auto","background-attachment":"scroll","background-type":"","background-media":"","overlay-type":"","overlay-color":"","overlay-opacity":"","overlay-gradient":""}}},"product_brand":[],"product_cat":[130,62,28,95],"product_tag":[],"class_list":{"0":"post-6836","1":"product","2":"type-product","3":"status-publish","4":"has-post-thumbnail","6":"product_cat-alle-produkten","7":"product_cat-alle-producten","8":"product_cat-kalvervoeding","9":"product_cat-melkpoeders","10":"desktop-align-center","11":"tablet-align-left","12":"mobile-align-left","13":"ast-product-gallery-layout-horizontal","14":"ast-product-tabs-layout-horizontal","16":"first","17":"instock","18":"taxable","19":"shipping-taxable","20":"product-type-simple"},"_links":{"self":[{"href":"https:\/\/dairytop.eu\/de\/wp-json\/wp\/v2\/product\/6836","targetHints":{"allow":["GET"]}}],"collection":[{"href":"https:\/\/dairytop.eu\/de\/wp-json\/wp\/v2\/product"}],"about":[{"href":"https:\/\/dairytop.eu\/de\/wp-json\/wp\/v2\/types\/product"}],"version-history":[{"count":1,"href":"https:\/\/dairytop.eu\/de\/wp-json\/wp\/v2\/product\/6836\/revisions"}],"predecessor-version":[{"id":7814,"href":"https:\/\/dairytop.eu\/de\/wp-json\/wp\/v2\/product\/6836\/revisions\/7814"}],"wp:featuredmedia":[{"embeddable":true,"href":"https:\/\/dairytop.eu\/de\/wp-json\/wp\/v2\/media\/5858"}],"wp:attachment":[{"href":"https:\/\/dairytop.eu\/de\/wp-json\/wp\/v2\/media?parent=6836"}],"wp:term":[{"taxonomy":"product_brand","embeddable":true,"href":"https:\/\/dairytop.eu\/de\/wp-json\/wp\/v2\/product_brand?post=6836"},{"taxonomy":"product_cat","embeddable":true,"href":"https:\/\/dairytop.eu\/de\/wp-json\/wp\/v2\/product_cat?post=6836"},{"taxonomy":"product_tag","embeddable":true,"href":"https:\/\/dairytop.eu\/de\/wp-json\/wp\/v2\/product_tag?post=6836"}],"curies":[{"name":"wp","href":"https:\/\/api.w.org\/{rel}","templated":true}]}}