{"id":6869,"date":"2026-02-11T16:29:08","date_gmt":"2026-02-11T15:29:08","guid":{"rendered":"https:\/\/new.dairytop.eu\/product\/milchmischer-auf-raedern-mit-untenliegendem-motor-grosse-raeder\/"},"modified":"2026-03-23T04:07:47","modified_gmt":"2026-03-23T03:07:47","slug":"milchmischer-auf-raedern-mit-untenliegendem-motor-grosse-raeder","status":"publish","type":"product","link":"https:\/\/dairytop.eu\/de\/product\/milchmischer-auf-raedern-mit-untenliegendem-motor-grosse-raeder\/","title":{"rendered":"MILCHMISCHER AUF R\u00c4DERN MIT UNTENLIEGENDEM MOTOR Gro\u00dfe R\u00e4der"},"content":{"rendered":"<p><strong>Edelstahlausf\u00fchrung \u2013 mit untenliegendem Motor<\/strong><\/p>\n<p>&nbsp;<\/p>\n<p>\u2013 Standardm\u00e4\u00dfig mit einem Zug-\/Schiebeb\u00fcgel aus Edelstahl ausgestattet<br \/>\n\u2013 Quadratische Basis<br \/>\n\u2013 2 Schubkarrenr\u00e4der hinten<br \/>\n\u2013 2 PU-R\u00e4der vorne<\/p>\n<ul>\n<li><a href=\"https:\/\/dairytop.eu\/wp-content\/uploads\/2022\/02\/afmetingen.pdf\" target=\"_blank\" rel=\"noopener\">Abmessungen<\/a><\/li>\n<\/ul>\n","protected":false},"excerpt":{"rendered":"<p>Edelstahlausf\u00fchrung \u2013 mit untenliegendem Motor &nbsp; \u2013 Standardm\u00e4\u00dfig mit einem Zug-\/Schiebeb\u00fcgel aus Edelstahl ausgestattet \u2013 Quadratische Basis \u2013 2 Schubkarrenr\u00e4der hinten \u2013 2 PU-R\u00e4der vorne Abmessungen<\/p>\n","protected":false},"featured_media":6870,"template":"","meta":{"site-sidebar-layout":"default","site-content-layout":"","ast-site-content-layout":"default","site-content-style":"default","site-sidebar-style":"default","ast-global-header-display":"","ast-banner-title-visibility":"","ast-main-header-display":"","ast-hfb-above-header-display":"","ast-hfb-below-header-display":"","ast-hfb-mobile-header-display":"","site-post-title":"","ast-breadcrumbs-content":"","ast-featured-img":"","footer-sml-layout":"","ast-disable-related-posts":"","theme-transparent-header-meta":"default","adv-header-id-meta":"","stick-header-meta":"default","header-above-stick-meta":"","header-main-stick-meta":"","header-below-stick-meta":"","astra-migrate-meta-layouts":"default","ast-page-background-enabled":"default","ast-page-background-meta":{"desktop":{"background-color":"var(--ast-global-color-4)","background-image":"","background-repeat":"repeat","background-position":"center center","background-size":"auto","background-attachment":"scroll","background-type":"","background-media":"","overlay-type":"","overlay-color":"","overlay-opacity":"","overlay-gradient":""},"tablet":{"background-color":"","background-image":"","background-repeat":"repeat","background-position":"center center","background-size":"auto","background-attachment":"scroll","background-type":"","background-media":"","overlay-type":"","overlay-color":"","overlay-opacity":"","overlay-gradient":""},"mobile":{"background-color":"","background-image":"","background-repeat":"repeat","background-position":"center center","background-size":"auto","background-attachment":"scroll","background-type":"","background-media":"","overlay-type":"","overlay-color":"","overlay-opacity":"","overlay-gradient":""}},"ast-content-background-meta":{"desktop":{"background-color":"var(--ast-global-color-5)","background-image":"","background-repeat":"repeat","background-position":"center center","background-size":"auto","background-attachment":"scroll","background-type":"","background-media":"","overlay-type":"","overlay-color":"","overlay-opacity":"","overlay-gradient":""},"tablet":{"background-color":"var(--ast-global-color-5)","background-image":"","background-repeat":"repeat","background-position":"center center","background-size":"auto","background-attachment":"scroll","background-type":"","background-media":"","overlay-type":"","overlay-color":"","overlay-opacity":"","overlay-gradient":""},"mobile":{"background-color":"var(--ast-global-color-5)","background-image":"","background-repeat":"repeat","background-position":"center center","background-size":"auto","background-attachment":"scroll","background-type":"","background-media":"","overlay-type":"","overlay-color":"","overlay-opacity":"","overlay-gradient":""}}},"product_brand":[],"product_cat":[62,78],"product_tag":[],"class_list":{"0":"post-6869","1":"product","2":"type-product","3":"status-publish","4":"has-post-thumbnail","6":"product_cat-alle-producten","7":"product_cat-melkmixers","8":"desktop-align-center","9":"tablet-align-left","10":"mobile-align-left","11":"ast-product-gallery-layout-horizontal","12":"ast-product-gallery-with-no-image","13":"ast-product-single-variable","14":"ast-product-tabs-layout-horizontal","16":"first","17":"instock","18":"taxable","19":"shipping-taxable","20":"purchasable","21":"product-type-variable"},"_links":{"self":[{"href":"https:\/\/dairytop.eu\/de\/wp-json\/wp\/v2\/product\/6869","targetHints":{"allow":["GET"]}}],"collection":[{"href":"https:\/\/dairytop.eu\/de\/wp-json\/wp\/v2\/product"}],"about":[{"href":"https:\/\/dairytop.eu\/de\/wp-json\/wp\/v2\/types\/product"}],"version-history":[{"count":1,"href":"https:\/\/dairytop.eu\/de\/wp-json\/wp\/v2\/product\/6869\/revisions"}],"predecessor-version":[{"id":8442,"href":"https:\/\/dairytop.eu\/de\/wp-json\/wp\/v2\/product\/6869\/revisions\/8442"}],"wp:featuredmedia":[{"embeddable":true,"href":"https:\/\/dairytop.eu\/de\/wp-json\/wp\/v2\/media\/6870"}],"wp:attachment":[{"href":"https:\/\/dairytop.eu\/de\/wp-json\/wp\/v2\/media?parent=6869"}],"wp:term":[{"taxonomy":"product_brand","embeddable":true,"href":"https:\/\/dairytop.eu\/de\/wp-json\/wp\/v2\/product_brand?post=6869"},{"taxonomy":"product_cat","embeddable":true,"href":"https:\/\/dairytop.eu\/de\/wp-json\/wp\/v2\/product_cat?post=6869"},{"taxonomy":"product_tag","embeddable":true,"href":"https:\/\/dairytop.eu\/de\/wp-json\/wp\/v2\/product_tag?post=6869"}],"curies":[{"name":"wp","href":"https:\/\/api.w.org\/{rel}","templated":true}]}}