{"id":6877,"date":"2026-02-11T16:28:08","date_gmt":"2026-02-11T15:28:08","guid":{"rendered":"https:\/\/new.dairytop.eu\/product\/bluelite-c-hydratabs-2\/"},"modified":"2026-04-04T05:28:47","modified_gmt":"2026-04-04T03:28:47","slug":"bluelite-c-hydratabs-2","status":"publish","type":"product","link":"https:\/\/dairytop.eu\/de\/product\/bluelite-c-hydratabs-2\/","title":{"rendered":"Bluelite C Hydratabs"},"content":{"rendered":"","protected":false},"excerpt":{"rendered":"<p>Schmackhafte orale Rehydratation f\u00fcr junge K\u00e4lber in Form einer Brausetablette. Die richtige Dosierung ohne Messen, Wiegen oder R\u00fchren. <\/p>\n<p>Die ersten Lebenswochen eines Kalbes sind voller Herausforderungen, die zu mildem oder sogar schwerem Durchfall f\u00fchren k\u00f6nnen. Rehydratation und die Wiederherstellung des Elektrolytgleichgewichts sind dann f\u00fcr die Gesundheit der K\u00e4lber von entscheidender Bedeutung. BlueLite\u00ae C HydraTabs\u2122 lassen sich leicht in Wasser, Milch oder Milchaustauscher aufl\u00f6sen und bieten eine Energie- und Elektrolytquelle, um den Fl\u00fcssigkeitshaushalt dehydrierter K\u00e4lber wiederherzustellen. Zudem enthalten die HydraTabs Stoffe, welche die nat\u00fcrliche Magenfunktion unterst\u00fctzen. Die innovativen Brausetabletten wurden f\u00fcr optimale Benutzerfreundlichkeit entwickelt; Umr\u00fchren ist nicht erforderlich. BlueLite HydraTabs ist ein bew\u00e4hrtes Produkt, das auf effiziente Weise eine schnelle hydrierende Unterst\u00fctzung bietet.     <\/p>\n<p><strong>Eigenschaften &amp; Vorteile:<br \/>\n<\/strong>Brausetablette<br \/>\nUmr\u00fchren nicht erforderlich<br \/>\nSchmackhaft f\u00fcr K\u00e4lber<br \/>\nRichtige Dosierung<br \/>\nOhne Messen oder Wiegen<br \/>\nL\u00f6slich in Wasser, Milch und Milchaustauscher<\/p>\n<p><strong>ANWENDUNGSBEREICHE:<br \/>\n<\/strong>\u2022 K\u00e4lber mit leichtem Durchfall<br \/>\n\u2022 Dehydrierte K\u00e4lber<br \/>\n\u2022 Nach dem Transport<br \/>\n\u2022 Bei Stallwechsel<\/p>\n<p><strong>GEBRAUCHSANWEISUNG:<br \/>\n<\/strong> L\u00f6sen Sie 1 Tablette in 1 Liter lauwarmem Wasser (37 \u02daC) auf. Verabreichen Sie dies 2\u20133 Mal t\u00e4glich \u00fcber einen Zeitraum von 1\u20137 Tagen. Nach dem Aufl\u00f6sen der Tablette die Fl\u00fcssigkeit innerhalb von 24 Stunden verbrauchen.  <\/p>\n","protected":false},"featured_media":6878,"template":"","meta":{"site-sidebar-layout":"default","site-content-layout":"","ast-site-content-layout":"default","site-content-style":"default","site-sidebar-style":"default","ast-global-header-display":"","ast-banner-title-visibility":"","ast-main-header-display":"","ast-hfb-above-header-display":"","ast-hfb-below-header-display":"","ast-hfb-mobile-header-display":"","site-post-title":"","ast-breadcrumbs-content":"","ast-featured-img":"","footer-sml-layout":"","ast-disable-related-posts":"","theme-transparent-header-meta":"","adv-header-id-meta":"","stick-header-meta":"","header-above-stick-meta":"","header-main-stick-meta":"","header-below-stick-meta":"","astra-migrate-meta-layouts":"default","ast-page-background-enabled":"default","ast-page-background-meta":{"desktop":{"background-color":"var(--ast-global-color-4)","background-image":"","background-repeat":"repeat","background-position":"center center","background-size":"auto","background-attachment":"scroll","background-type":"","background-media":"","overlay-type":"","overlay-color":"","overlay-opacity":"","overlay-gradient":""},"tablet":{"background-color":"","background-image":"","background-repeat":"repeat","background-position":"center center","background-size":"auto","background-attachment":"scroll","background-type":"","background-media":"","overlay-type":"","overlay-color":"","overlay-opacity":"","overlay-gradient":""},"mobile":{"background-color":"","background-image":"","background-repeat":"repeat","background-position":"center center","background-size":"auto","background-attachment":"scroll","background-type":"","background-media":"","overlay-type":"","overlay-color":"","overlay-opacity":"","overlay-gradient":""}},"ast-content-background-meta":{"desktop":{"background-color":"var(--ast-global-color-5)","background-image":"","background-repeat":"repeat","background-position":"center center","background-size":"auto","background-attachment":"scroll","background-type":"","background-media":"","overlay-type":"","overlay-color":"","overlay-opacity":"","overlay-gradient":""},"tablet":{"background-color":"var(--ast-global-color-5)","background-image":"","background-repeat":"repeat","background-position":"center center","background-size":"auto","background-attachment":"scroll","background-type":"","background-media":"","overlay-type":"","overlay-color":"","overlay-opacity":"","overlay-gradient":""},"mobile":{"background-color":"var(--ast-global-color-5)","background-image":"","background-repeat":"repeat","background-position":"center center","background-size":"auto","background-attachment":"scroll","background-type":"","background-media":"","overlay-type":"","overlay-color":"","overlay-opacity":"","overlay-gradient":""}}},"product_brand":[],"product_cat":[256,227],"product_tag":[],"class_list":{"0":"post-6877","1":"product","2":"type-product","3":"status-publish","4":"has-post-thumbnail","6":"product_cat-alle-produkten-3","7":"product_cat-erganzungsfuttermittel","8":"desktop-align-center","9":"tablet-align-left","10":"mobile-align-left","11":"ast-product-gallery-layout-horizontal","12":"ast-product-gallery-with-no-image","13":"ast-product-tabs-layout-horizontal","15":"first","16":"instock","17":"taxable","18":"shipping-taxable","19":"purchasable","20":"product-type-simple"},"_links":{"self":[{"href":"https:\/\/dairytop.eu\/de\/wp-json\/wp\/v2\/product\/6877","targetHints":{"allow":["GET"]}}],"collection":[{"href":"https:\/\/dairytop.eu\/de\/wp-json\/wp\/v2\/product"}],"about":[{"href":"https:\/\/dairytop.eu\/de\/wp-json\/wp\/v2\/types\/product"}],"version-history":[{"count":1,"href":"https:\/\/dairytop.eu\/de\/wp-json\/wp\/v2\/product\/6877\/revisions"}],"predecessor-version":[{"id":7623,"href":"https:\/\/dairytop.eu\/de\/wp-json\/wp\/v2\/product\/6877\/revisions\/7623"}],"wp:featuredmedia":[{"embeddable":true,"href":"https:\/\/dairytop.eu\/de\/wp-json\/wp\/v2\/media\/6878"}],"wp:attachment":[{"href":"https:\/\/dairytop.eu\/de\/wp-json\/wp\/v2\/media?parent=6877"}],"wp:term":[{"taxonomy":"product_brand","embeddable":true,"href":"https:\/\/dairytop.eu\/de\/wp-json\/wp\/v2\/product_brand?post=6877"},{"taxonomy":"product_cat","embeddable":true,"href":"https:\/\/dairytop.eu\/de\/wp-json\/wp\/v2\/product_cat?post=6877"},{"taxonomy":"product_tag","embeddable":true,"href":"https:\/\/dairytop.eu\/de\/wp-json\/wp\/v2\/product_tag?post=6877"}],"curies":[{"name":"wp","href":"https:\/\/api.w.org\/{rel}","templated":true}]}}