{"id":6881,"date":"2026-02-11T16:27:39","date_gmt":"2026-02-11T15:27:39","guid":{"rendered":"https:\/\/new.dairytop.eu\/product\/techmix-calf-renova-2\/"},"modified":"2026-03-28T19:29:54","modified_gmt":"2026-03-28T18:29:54","slug":"techmix-calf-renova-2","status":"publish","type":"product","link":"https:\/\/dairytop.eu\/de\/product\/techmix-calf-renova-2\/","title":{"rendered":"Techmix Calf Renova"},"content":{"rendered":"","protected":false},"excerpt":{"rendered":"<p><strong>Anwenderfreundliche Kapsel aus nat\u00fcrlichen Inhaltsstoffen; enth\u00e4lt Pflanzenextrakte, nat\u00fcrliche Mikroorganismen und Probiotika zur F\u00f6rderung der Darmgesundheit.<\/strong><\/p>\n<p>Sichern Sie die Zukunft Ihres Betriebes mit Calf Renova\u00ae. Eine erfolgreiche K\u00e4lberaufzucht hat oberste Priorit\u00e4t, um K\u00e4lber mit Verdauungsproblemen oder Durchfall schnellstm\u00f6glich wieder auf ein normales Futteraufnahmeniveau zu bringen und ihr Wachstum zu gew\u00e4hrleisten. Calf Renova reinigt den Darm und stellt die nat\u00fcrliche, positive Darmflora wieder her. Dieses Produkt f\u00f6rdert die Trockenmasseaufnahme nach jedem Verdauungsproblem.   <\/p>\n<p>&nbsp;<\/p>\n<p> <strong> EIGENSCHAFTEN UND VORTEILE<\/strong><br \/>\n\u2022 Hilft bei der Reinigung des Darms von durchfallverursachenden Mikroben<br \/>\n\u2022 Starke antioxidative Wirkung zur Unterst\u00fctzung des Immunsystems<br \/>\n\u2022 Schafft ein gesundes Milieu f\u00fcr das Verdauungssystem und begrenzt potenzielle Auswirkungen von Pathogenen<br \/>\n\u2022 MOS hilft bei der Bindung von Pathogenen<br \/>\n\u2022 Beschleunigt das Wachstum guter Bakterien und hemmt Pathogene<br \/>\n\u2022 Eine Alternative zu Antibiotika bei Durchfall und Gesundheitsproblemen<\/p>\n<p>&nbsp;<\/p>\n<p>Inhalt: 36 Kapseln<\/p>\n<p>&nbsp;<\/p>\n","protected":false},"featured_media":6882,"template":"","meta":{"site-sidebar-layout":"default","site-content-layout":"","ast-site-content-layout":"default","site-content-style":"default","site-sidebar-style":"default","ast-global-header-display":"","ast-banner-title-visibility":"","ast-main-header-display":"","ast-hfb-above-header-display":"","ast-hfb-below-header-display":"","ast-hfb-mobile-header-display":"","site-post-title":"","ast-breadcrumbs-content":"","ast-featured-img":"","footer-sml-layout":"","ast-disable-related-posts":"","theme-transparent-header-meta":"default","adv-header-id-meta":"","stick-header-meta":"default","header-above-stick-meta":"","header-main-stick-meta":"","header-below-stick-meta":"","astra-migrate-meta-layouts":"default","ast-page-background-enabled":"default","ast-page-background-meta":{"desktop":{"background-color":"var(--ast-global-color-4)","background-image":"","background-repeat":"repeat","background-position":"center center","background-size":"auto","background-attachment":"scroll","background-type":"","background-media":"","overlay-type":"","overlay-color":"","overlay-opacity":"","overlay-gradient":""},"tablet":{"background-color":"","background-image":"","background-repeat":"repeat","background-position":"center center","background-size":"auto","background-attachment":"scroll","background-type":"","background-media":"","overlay-type":"","overlay-color":"","overlay-opacity":"","overlay-gradient":""},"mobile":{"background-color":"","background-image":"","background-repeat":"repeat","background-position":"center center","background-size":"auto","background-attachment":"scroll","background-type":"","background-media":"","overlay-type":"","overlay-color":"","overlay-opacity":"","overlay-gradient":""}},"ast-content-background-meta":{"desktop":{"background-color":"var(--ast-global-color-5)","background-image":"","background-repeat":"repeat","background-position":"center center","background-size":"auto","background-attachment":"scroll","background-type":"","background-media":"","overlay-type":"","overlay-color":"","overlay-opacity":"","overlay-gradient":""},"tablet":{"background-color":"var(--ast-global-color-5)","background-image":"","background-repeat":"repeat","background-position":"center center","background-size":"auto","background-attachment":"scroll","background-type":"","background-media":"","overlay-type":"","overlay-color":"","overlay-opacity":"","overlay-gradient":""},"mobile":{"background-color":"var(--ast-global-color-5)","background-image":"","background-repeat":"repeat","background-position":"center center","background-size":"auto","background-attachment":"scroll","background-type":"","background-media":"","overlay-type":"","overlay-color":"","overlay-opacity":"","overlay-gradient":""}}},"product_brand":[],"product_cat":[62,104],"product_tag":[],"class_list":{"0":"post-6881","1":"product","2":"type-product","3":"status-publish","4":"has-post-thumbnail","6":"product_cat-alle-producten","7":"product_cat-diergeneesmiddelen","8":"desktop-align-center","9":"tablet-align-left","10":"mobile-align-left","11":"ast-product-gallery-layout-horizontal","12":"ast-product-gallery-with-no-image","13":"ast-product-tabs-layout-horizontal","15":"first","16":"instock","17":"taxable","18":"shipping-taxable","19":"purchasable","20":"product-type-simple"},"_links":{"self":[{"href":"https:\/\/dairytop.eu\/de\/wp-json\/wp\/v2\/product\/6881","targetHints":{"allow":["GET"]}}],"collection":[{"href":"https:\/\/dairytop.eu\/de\/wp-json\/wp\/v2\/product"}],"about":[{"href":"https:\/\/dairytop.eu\/de\/wp-json\/wp\/v2\/types\/product"}],"version-history":[{"count":1,"href":"https:\/\/dairytop.eu\/de\/wp-json\/wp\/v2\/product\/6881\/revisions"}],"predecessor-version":[{"id":8454,"href":"https:\/\/dairytop.eu\/de\/wp-json\/wp\/v2\/product\/6881\/revisions\/8454"}],"wp:featuredmedia":[{"embeddable":true,"href":"https:\/\/dairytop.eu\/de\/wp-json\/wp\/v2\/media\/6882"}],"wp:attachment":[{"href":"https:\/\/dairytop.eu\/de\/wp-json\/wp\/v2\/media?parent=6881"}],"wp:term":[{"taxonomy":"product_brand","embeddable":true,"href":"https:\/\/dairytop.eu\/de\/wp-json\/wp\/v2\/product_brand?post=6881"},{"taxonomy":"product_cat","embeddable":true,"href":"https:\/\/dairytop.eu\/de\/wp-json\/wp\/v2\/product_cat?post=6881"},{"taxonomy":"product_tag","embeddable":true,"href":"https:\/\/dairytop.eu\/de\/wp-json\/wp\/v2\/product_tag?post=6881"}],"curies":[{"name":"wp","href":"https:\/\/api.w.org\/{rel}","templated":true}]}}