{"id":6904,"date":"2026-02-11T15:27:05","date_gmt":"2026-02-11T14:27:05","guid":{"rendered":"https:\/\/new.dairytop.eu\/product\/matilda-kolostrum-pasteurisierer-2\/"},"modified":"2026-03-18T10:02:42","modified_gmt":"2026-03-18T09:02:42","slug":"matilda-kolostrum-pasteurisierer-2","status":"publish","type":"product","link":"https:\/\/dairytop.eu\/de\/product\/matilda-kolostrum-pasteurisierer-2\/","title":{"rendered":"Matilda Kolostrum-Pasteurisierer"},"content":{"rendered":"<p><strong>\u00dcBER MATILDA<\/strong><\/p>\n<p><strong>Sie ist kompakt:<\/strong> Nur 79 x 56 x 64 cm gro\u00df<\/p>\n<p><strong>SIE IST EINFACH ZU BEDIENEN<\/strong>: Einfache Bedienung \u00fcber einen Touchscreen. W\u00e4hlen Sie Ihr Programm und die Matilda erledigt den Rest. In mehreren Sprachen verf\u00fcgbar.  <\/p>\n<p><strong>SIE IST KOMMUNIKATIV<\/strong>: Die Matilda l\u00e4sst sich \u00fcber Bluetooth bedienen und liefert Ihnen auf demselben Weg Informationen zur\u00fcck.<\/p>\n<p><strong>SIE IST PFLEGELEICHT<\/strong>: Die Selbstdiagnosetechnologie der Matilda \u00fcberwacht Motor, Heizelemente und andere g\u00e4ngige Komponenten zur Meldung von Reparaturen oder Systemfehlern, die mittels Fern\u00fcberwachung durch Dairy Tech verf\u00fcgbar sind.<\/p>\n<p><strong>DER ANSCHLUSS IST SIMPEL<\/strong>: Die Matilda muss lediglich an Strom und Wasser angeschlossen werden. Danach k\u00f6nnen Sie direkt loslegen! <\/p>\n<p><strong>SIE ARBEITET HART<\/strong>: Die Matilda kann gleichzeitig bis zu 8 l Kolostrum in Perfect Udder\u00ae Beuteln verarbeiten.<\/p>\n<div class=\"ast-oembed-container \" style=\"height: 100%;\"><iframe title=\"Perfect Colostrum Management in 46 Seconds\" width=\"500\" height=\"281\" src=\"https:\/\/www.youtube.com\/embed\/7YR8aVAEMjc?feature=oembed\" frameborder=\"0\" allow=\"accelerometer; autoplay; clipboard-write; encrypted-media; gyroscope; picture-in-picture; web-share\" referrerpolicy=\"strict-origin-when-cross-origin\" allowfullscreen><\/iframe><\/div>\n","protected":false},"excerpt":{"rendered":"<div class=\"product-name\">\n<p><span style=\"font-size: 16px;\">Matilda, das neueste Mitglied der Perfect Udder\u00ae Familie von Dairy Tech, wurde speziell entwickelt, um die Effizienz der Perfect Udder\u00ae Kolostrumbeutel zu optimieren. Zu einem attraktiven Preis ist es m\u00f6glich, Ihr wertvolles Kolostrum sowohl zu pasteurisieren als auch zu erw\u00e4rmen. Kolostrum aufw\u00e4rmen und pasteurisieren war noch nie so einfach!  <\/span><\/p>\n<\/div>\n","protected":false},"featured_media":6905,"template":"","meta":{"site-sidebar-layout":"default","site-content-layout":"","ast-site-content-layout":"default","site-content-style":"default","site-sidebar-style":"default","ast-global-header-display":"","ast-banner-title-visibility":"","ast-main-header-display":"","ast-hfb-above-header-display":"","ast-hfb-below-header-display":"","ast-hfb-mobile-header-display":"","site-post-title":"","ast-breadcrumbs-content":"","ast-featured-img":"","footer-sml-layout":"","ast-disable-related-posts":"","theme-transparent-header-meta":"","adv-header-id-meta":"","stick-header-meta":"","header-above-stick-meta":"","header-main-stick-meta":"","header-below-stick-meta":"","astra-migrate-meta-layouts":"default","ast-page-background-enabled":"default","ast-page-background-meta":{"desktop":{"background-color":"var(--ast-global-color-4)","background-image":"","background-repeat":"repeat","background-position":"center center","background-size":"auto","background-attachment":"scroll","background-type":"","background-media":"","overlay-type":"","overlay-color":"","overlay-opacity":"","overlay-gradient":""},"tablet":{"background-color":"","background-image":"","background-repeat":"repeat","background-position":"center center","background-size":"auto","background-attachment":"scroll","background-type":"","background-media":"","overlay-type":"","overlay-color":"","overlay-opacity":"","overlay-gradient":""},"mobile":{"background-color":"","background-image":"","background-repeat":"repeat","background-position":"center center","background-size":"auto","background-attachment":"scroll","background-type":"","background-media":"","overlay-type":"","overlay-color":"","overlay-opacity":"","overlay-gradient":""}},"ast-content-background-meta":{"desktop":{"background-color":"var(--ast-global-color-5)","background-image":"","background-repeat":"repeat","background-position":"center center","background-size":"auto","background-attachment":"scroll","background-type":"","background-media":"","overlay-type":"","overlay-color":"","overlay-opacity":"","overlay-gradient":""},"tablet":{"background-color":"var(--ast-global-color-5)","background-image":"","background-repeat":"repeat","background-position":"center center","background-size":"auto","background-attachment":"scroll","background-type":"","background-media":"","overlay-type":"","overlay-color":"","overlay-opacity":"","overlay-gradient":""},"mobile":{"background-color":"var(--ast-global-color-5)","background-image":"","background-repeat":"repeat","background-position":"center center","background-size":"auto","background-attachment":"scroll","background-type":"","background-media":"","overlay-type":"","overlay-color":"","overlay-opacity":"","overlay-gradient":""}}},"product_brand":[],"product_cat":[130,62,86],"product_tag":[],"class_list":{"0":"post-6904","1":"product","2":"type-product","3":"status-publish","4":"has-post-thumbnail","6":"product_cat-alle-produkten","7":"product_cat-alle-producten","8":"product_cat-pasteuriseersystemen","9":"desktop-align-center","10":"tablet-align-left","11":"mobile-align-left","12":"ast-product-gallery-layout-horizontal","13":"ast-product-gallery-with-no-image","14":"ast-product-tabs-layout-horizontal","16":"first","17":"instock","18":"taxable","19":"shipping-taxable","20":"product-type-simple"},"_links":{"self":[{"href":"https:\/\/dairytop.eu\/de\/wp-json\/wp\/v2\/product\/6904","targetHints":{"allow":["GET"]}}],"collection":[{"href":"https:\/\/dairytop.eu\/de\/wp-json\/wp\/v2\/product"}],"about":[{"href":"https:\/\/dairytop.eu\/de\/wp-json\/wp\/v2\/types\/product"}],"version-history":[{"count":1,"href":"https:\/\/dairytop.eu\/de\/wp-json\/wp\/v2\/product\/6904\/revisions"}],"predecessor-version":[{"id":7809,"href":"https:\/\/dairytop.eu\/de\/wp-json\/wp\/v2\/product\/6904\/revisions\/7809"}],"wp:featuredmedia":[{"embeddable":true,"href":"https:\/\/dairytop.eu\/de\/wp-json\/wp\/v2\/media\/6905"}],"wp:attachment":[{"href":"https:\/\/dairytop.eu\/de\/wp-json\/wp\/v2\/media?parent=6904"}],"wp:term":[{"taxonomy":"product_brand","embeddable":true,"href":"https:\/\/dairytop.eu\/de\/wp-json\/wp\/v2\/product_brand?post=6904"},{"taxonomy":"product_cat","embeddable":true,"href":"https:\/\/dairytop.eu\/de\/wp-json\/wp\/v2\/product_cat?post=6904"},{"taxonomy":"product_tag","embeddable":true,"href":"https:\/\/dairytop.eu\/de\/wp-json\/wp\/v2\/product_tag?post=6904"}],"curies":[{"name":"wp","href":"https:\/\/api.w.org\/{rel}","templated":true}]}}