{"id":7001,"date":"2026-02-11T15:27:04","date_gmt":"2026-02-11T14:27:04","guid":{"rendered":"https:\/\/new.dairytop.eu\/product\/perfect-udder-kolostrum-management-kit-2-liter-50-beutel\/"},"modified":"2026-04-14T10:49:20","modified_gmt":"2026-04-14T08:49:20","slug":"perfect-udder-kolostrum-management-kit-2-liter-50-beutel","status":"publish","type":"product","link":"https:\/\/dairytop.eu\/de\/product\/perfect-udder-kolostrum-management-kit-2-liter-50-beutel\/","title":{"rendered":"Perfect Udder\u00ae Kolostrum-Management-Kit 2 Liter (50 Beutel)"},"content":{"rendered":"","protected":false},"excerpt":{"rendered":"<p>Das komplette Kolostrum-Management-Kit enth\u00e4lt 50 Perfect Udder\u00ae Beutel \u00e0 2 Liter, drei Sauger mit Zubeh\u00f6r, eine Halterung und drei Drenchsonden.<\/p>\n<p>Der Perfect Udder<sup> <\/sup>Das Kolostrum-Management-Kit ist die L\u00f6sung f\u00fcr eine pathogenfreie F\u00fctterung von Kolostrum. Vom Melken bis zur F\u00fctterung. In der Zwischenzeit besteht die M\u00f6glichkeit, die Biestmilch zu pasteurisieren, zu k\u00fchlen, einzufrieren und aufzuw\u00e4rmen, um sie anschlie\u00dfend \u00fcber einen Sauger oder eine Drenchsonde zu verf\u00fcttern. Das Pasteurisieren, K\u00fchlen und Erw\u00e4rmen des Produkts wird durch das spezielle w\u00e4rmeleitende Material erm\u00f6glicht.   <\/p>\n<p>All dies mit nur 1 Beutel!<\/p>\n","protected":false},"featured_media":7002,"template":"","meta":{"site-sidebar-layout":"default","site-content-layout":"","ast-site-content-layout":"default","site-content-style":"default","site-sidebar-style":"default","ast-global-header-display":"","ast-banner-title-visibility":"","ast-main-header-display":"","ast-hfb-above-header-display":"","ast-hfb-below-header-display":"","ast-hfb-mobile-header-display":"","site-post-title":"","ast-breadcrumbs-content":"","ast-featured-img":"","footer-sml-layout":"","ast-disable-related-posts":"","theme-transparent-header-meta":"default","adv-header-id-meta":"","stick-header-meta":"default","header-above-stick-meta":"","header-main-stick-meta":"","header-below-stick-meta":"","astra-migrate-meta-layouts":"default","ast-page-background-enabled":"default","ast-page-background-meta":{"desktop":{"background-color":"var(--ast-global-color-4)","background-image":"","background-repeat":"repeat","background-position":"center center","background-size":"auto","background-attachment":"scroll","background-type":"","background-media":"","overlay-type":"","overlay-color":"","overlay-opacity":"","overlay-gradient":""},"tablet":{"background-color":"","background-image":"","background-repeat":"repeat","background-position":"center center","background-size":"auto","background-attachment":"scroll","background-type":"","background-media":"","overlay-type":"","overlay-color":"","overlay-opacity":"","overlay-gradient":""},"mobile":{"background-color":"","background-image":"","background-repeat":"repeat","background-position":"center center","background-size":"auto","background-attachment":"scroll","background-type":"","background-media":"","overlay-type":"","overlay-color":"","overlay-opacity":"","overlay-gradient":""}},"ast-content-background-meta":{"desktop":{"background-color":"var(--ast-global-color-5)","background-image":"","background-repeat":"repeat","background-position":"center center","background-size":"auto","background-attachment":"scroll","background-type":"","background-media":"","overlay-type":"","overlay-color":"","overlay-opacity":"","overlay-gradient":""},"tablet":{"background-color":"var(--ast-global-color-5)","background-image":"","background-repeat":"repeat","background-position":"center center","background-size":"auto","background-attachment":"scroll","background-type":"","background-media":"","overlay-type":"","overlay-color":"","overlay-opacity":"","overlay-gradient":""},"mobile":{"background-color":"var(--ast-global-color-5)","background-image":"","background-repeat":"repeat","background-position":"center center","background-size":"auto","background-attachment":"scroll","background-type":"","background-media":"","overlay-type":"","overlay-color":"","overlay-opacity":"","overlay-gradient":""}}},"product_brand":[],"product_cat":[256,215,216,214,225],"product_tag":[],"class_list":{"0":"post-7001","1":"product","2":"type-product","3":"status-publish","4":"has-post-thumbnail","6":"product_cat-alle-produkten-3","7":"product_cat-kolostrumbeutel","8":"product_cat-lammerprodukte","9":"product_cat-perfect-udder-kolostrum-management-2","10":"product_cat-zubehor-2","11":"desktop-align-center","12":"tablet-align-left","13":"mobile-align-left","14":"ast-product-gallery-layout-horizontal","15":"ast-product-gallery-with-no-image","16":"ast-product-single-variable","17":"ast-product-tabs-layout-horizontal","19":"first","20":"instock","21":"taxable","22":"shipping-taxable","23":"purchasable","24":"product-type-variable"},"_links":{"self":[{"href":"https:\/\/dairytop.eu\/de\/wp-json\/wp\/v2\/product\/7001","targetHints":{"allow":["GET"]}}],"collection":[{"href":"https:\/\/dairytop.eu\/de\/wp-json\/wp\/v2\/product"}],"about":[{"href":"https:\/\/dairytop.eu\/de\/wp-json\/wp\/v2\/types\/product"}],"version-history":[{"count":1,"href":"https:\/\/dairytop.eu\/de\/wp-json\/wp\/v2\/product\/7001\/revisions"}],"predecessor-version":[{"id":8995,"href":"https:\/\/dairytop.eu\/de\/wp-json\/wp\/v2\/product\/7001\/revisions\/8995"}],"wp:featuredmedia":[{"embeddable":true,"href":"https:\/\/dairytop.eu\/de\/wp-json\/wp\/v2\/media\/7002"}],"wp:attachment":[{"href":"https:\/\/dairytop.eu\/de\/wp-json\/wp\/v2\/media?parent=7001"}],"wp:term":[{"taxonomy":"product_brand","embeddable":true,"href":"https:\/\/dairytop.eu\/de\/wp-json\/wp\/v2\/product_brand?post=7001"},{"taxonomy":"product_cat","embeddable":true,"href":"https:\/\/dairytop.eu\/de\/wp-json\/wp\/v2\/product_cat?post=7001"},{"taxonomy":"product_tag","embeddable":true,"href":"https:\/\/dairytop.eu\/de\/wp-json\/wp\/v2\/product_tag?post=7001"}],"curies":[{"name":"wp","href":"https:\/\/api.w.org\/{rel}","templated":true}]}}